{"id":7764,"date":"2016-01-13T17:48:37","date_gmt":"2016-01-13T22:48:37","guid":{"rendered":"https:\/\/krom-cs.com\/?page_id=7764"},"modified":"2022-04-12T14:36:15","modified_gmt":"2022-04-12T19:36:15","slug":"services","status":"publish","type":"page","link":"https:\/\/krom-cs.com\/fr\/services\/","title":{"rendered":"Services"},"content":{"rendered":"\t\t<div data-elementor-type=\"wp-page\" data-elementor-id=\"7764\" class=\"elementor elementor-7764 elementor-558\">\n\t\t\t\t\t\t<section class=\"elementor-section elementor-top-section elementor-element elementor-element-5bb2e4e elementor-section-boxed elementor-section-height-default elementor-section-height-default\" data-id=\"5bb2e4e\" data-element_type=\"section\" data-e-type=\"section\" data-settings=\"{&quot;background_background&quot;:&quot;classic&quot;}\">\n\t\t\t\t\t\t<div class=\"elementor-container elementor-column-gap-default\">\n\t\t\t\t\t<div class=\"elementor-column elementor-col-100 elementor-top-column elementor-element elementor-element-5bb3360\" data-id=\"5bb3360\" data-element_type=\"column\" data-e-type=\"column\">\n\t\t\t<div class=\"elementor-widget-wrap elementor-element-populated\">\n\t\t\t\t\t\t<div class=\"elementor-element elementor-element-9bcd21d elementor-widget elementor-widget-text-editor\" data-id=\"9bcd21d\" data-element_type=\"widget\" data-e-type=\"widget\" data-widget_type=\"text-editor.default\">\n\t\t\t\t<div class=\"elementor-widget-container\">\n\t\t\t\t\t\t\t\t\t<p>Nous adaptons nos comp\u00e9tences \u00e0 vos besoins et exigences afin de d\u00e9velopper des r\u00e9sultats mesurables. Notre objectif est de travailler de mani\u00e8re professionnelle et efficace, en gardant un \u0153il critique sur les recommandations et en apportant de la valeur \u00e0 votre organisation.<\/p>\n\t\t\t\t\t\t\t\t<\/div>\n\t\t\t\t<\/div>\n\t\t\t\t<div class=\"elementor-element elementor-element-5bb374a elementor-widget elementor-widget-stm_services\" data-id=\"5bb374a\" data-element_type=\"widget\" data-e-type=\"widget\" data-widget_type=\"stm_services.default\">\n\t\t\t\t<div class=\"elementor-widget-container\">\n\t\t\t\t\t\n    <div class=\"stm_services consulting_elementor_services style_6 cols_3\">\n                                <div class=\"item\">\n                <div class=\"item_wr\">\n                                            \n                        <div class=\"item_thumbnail\">\n                            <a href=\"https:\/\/krom-cs.com\/fr\/service\/strategie\/\">\n                                <img src='https:\/\/krom-cs.com\/wp-content\/uploads\/2016\/01\/KROM-strategy.jpg' alt='' \/>                            <\/a>\n                                                    <\/div>\n                                                            <div class=\"content\" style=\"color:#1D1D1D\">\n                                                                            <h5>\n                                <a href=\"https:\/\/krom-cs.com\/fr\/service\/strategie\/\"\n                                                                       class=\"text_decoration_none secondary_font_color_hv\">Strat\u00e9gie<\/a>\n                            <\/h5>\n                                                                            <p>Passez en revue votre strat\u00e9gie globale ou \u00e0 un niveau sp\u00e9cifique de votre organisation<\/p>\n                                                                    <\/div>\n                <\/div>\n            <\/div>\n                                <div class=\"item\">\n                <div class=\"item_wr\">\n                                            \n                        <div class=\"item_thumbnail\">\n                            <a href=\"https:\/\/krom-cs.com\/fr\/service\/transition\/\">\n                                <img src='https:\/\/krom-cs.com\/wp-content\/uploads\/2016\/01\/KROM-Transition.jpg' alt='' \/>                            <\/a>\n                                                    <\/div>\n                                                            <div class=\"content\" style=\"color:#1D1D1D\">\n                                                                            <h5>\n                                <a href=\"https:\/\/krom-cs.com\/fr\/service\/transition\/\"\n                                                                       class=\"text_decoration_none secondary_font_color_hv\">Transition<\/a>\n                            <\/h5>\n                                                                            <p>Vous accompagner dans les changements pour atteindre vos nouveaux objectifs.<\/p>\n                                                                    <\/div>\n                <\/div>\n            <\/div>\n                                <div class=\"item\">\n                <div class=\"item_wr\">\n                                            \n                        <div class=\"item_thumbnail\">\n                            <a href=\"https:\/\/krom-cs.com\/fr\/service\/optimisation\/\">\n                                <img src='https:\/\/krom-cs.com\/wp-content\/uploads\/2016\/01\/KROM-optimization.jpg' alt='' \/>                            <\/a>\n                                                    <\/div>\n                                                            <div class=\"content\" style=\"color:#1D1D1D\">\n                                                                            <h5>\n                                <a href=\"https:\/\/krom-cs.com\/fr\/service\/optimisation\/\"\n                                                                       class=\"text_decoration_none secondary_font_color_hv\">Optimisation<\/a>\n                            <\/h5>\n                                                                            <p>Optimisez vos co\u00fbts\/processus pour am\u00e9liorer les performances<\/p>\n                                                                    <\/div>\n                <\/div>\n            <\/div>\n                                <div class=\"item\">\n                <div class=\"item_wr\">\n                                            \n                        <div class=\"item_thumbnail\">\n                            <a href=\"https:\/\/krom-cs.com\/fr\/service\/une-analyse\/\">\n                                <img src='https:\/\/krom-cs.com\/wp-content\/uploads\/2016\/01\/KROM-Analysis.jpg' alt='' \/>                            <\/a>\n                                                    <\/div>\n                                                            <div class=\"content\" style=\"color:#1D1D1D\">\n                                                                            <h5>\n                                <a href=\"https:\/\/krom-cs.com\/fr\/service\/une-analyse\/\"\n                                                                       class=\"text_decoration_none secondary_font_color_hv\">Une analyse<\/a>\n                            <\/h5>\n                                                                            <p>Analysez et faites des recommandations pour contribuer \u00e0 votre croissance ou \u00e0 la r\u00e9duction des risques<\/p>\n                                                                    <\/div>\n                <\/div>\n            <\/div>\n                                <div class=\"item\">\n                <div class=\"item_wr\">\n                                            \n                        <div class=\"item_thumbnail\">\n                            <a href=\"https:\/\/krom-cs.com\/fr\/service\/la-mise-en-oeuvre\/\">\n                                <img src='https:\/\/krom-cs.com\/wp-content\/uploads\/2016\/01\/KROM-Implementation.jpg' alt='' \/>                            <\/a>\n                                                    <\/div>\n                                                            <div class=\"content\" style=\"color:#1D1D1D\">\n                                                                            <h5>\n                                <a href=\"https:\/\/krom-cs.com\/fr\/service\/la-mise-en-oeuvre\/\"\n                                                                       class=\"text_decoration_none secondary_font_color_hv\">la mise en oeuvre<\/a>\n                            <\/h5>\n                                                                            <p>Effectuer le travail de fa\u00e7on autonome ou en rejoignant votre \u00e9quipe, notre objectif est de terminer efficacement le travail pour atteindre vos objectifs.<\/p>\n                                                                    <\/div>\n                <\/div>\n            <\/div>\n            <\/div>\n\t\t\t\t<\/div>\n\t\t\t\t<\/div>\n\t\t\t\t\t<\/div>\n\t\t<\/div>\n\t\t\t\t\t<\/div>\n\t\t<\/section>\n\t\t\t\t<section class=\"elementor-section elementor-top-section elementor-element elementor-element-5bb3c22 third_bg_color elementor-section-boxed elementor-section-height-default elementor-section-height-default\" data-id=\"5bb3c22\" data-element_type=\"section\" data-e-type=\"section\" data-settings=\"{&quot;background_background&quot;:&quot;classic&quot;}\">\n\t\t\t\t\t\t<div class=\"elementor-container elementor-column-gap-default\">\n\t\t\t\t\t<div class=\"elementor-column elementor-col-100 elementor-top-column elementor-element elementor-element-5bb4027\" data-id=\"5bb4027\" data-element_type=\"column\" data-e-type=\"column\">\n\t\t\t<div class=\"elementor-widget-wrap elementor-element-populated\">\n\t\t\t\t\t\t<div class=\"elementor-element elementor-element-5bb4366 elementor-widget elementor-widget-vc_cta\" data-id=\"5bb4366\" data-element_type=\"widget\" data-e-type=\"widget\" data-widget_type=\"vc_cta.default\">\n\t\t\t\t<div class=\"elementor-widget-container\">\n\t\t\t\t\t\n<div class=\"ce_cta ce_cta_a9b84a5a52a1e88c2963db37ad49651e ce_text_left third_bg_color add_button_right btn_align_right btn_button_block_ btn_has_icon btn_has_icon_on_the_right\" id=\"\">\n\n    <div class=\"ce_cta__content\">\n        <div class=\"ce_cta__content__header\">\n            <h2  class='ce_cta__content__title '>Vous recherchez un consultant en plans d'affaires de premier ordre ?<\/h2>                    <\/div>\n\n        \n    <\/div>\n\n    \n        <div class=\"ce_cta__action\">\n            <a href=\"https:\/\/krom-cs.com\/fr\/contact\/\"\n                              target=\"_self\"\n               class=\"button \">\n                <span>obtenir un devis<\/span>\n                                    <i class=\"fa fa-chevron-right\"><\/i>\n                            <\/a>\n        <\/div>\n\n    \n<\/div>\n\t\t\t\t<\/div>\n\t\t\t\t<\/div>\n\t\t\t\t\t<\/div>\n\t\t<\/div>\n\t\t\t\t\t<\/div>\n\t\t<\/section>\n\t\t\t\t<\/div>\n\t\t","protected":false},"excerpt":{"rendered":"<p>Nous adaptons nos comp\u00e9tences \u00e0 vos besoins et exigences afin de d\u00e9velopper des r\u00e9sultats mesurables. Notre objectif est de travailler de mani\u00e8re professionnelle et efficace, en gardant un \u0153il critique sur les recommandations et en apportant de la valeur \u00e0 votre organisation. Estrategia Revisamos su estrategia global o en un nivel especifico de su organizaci\u00f3n.<\/p>\n","protected":false},"author":1,"featured_media":0,"parent":0,"menu_order":0,"comment_status":"closed","ping_status":"closed","template":"","meta":{"nf_dc_page":"","footnotes":""},"class_list":["post-7764","page","type-page","status-publish","hentry"],"yoast_head":"<!-- This site is optimized with the Yoast SEO Premium plugin v19.5 (Yoast SEO v27.4) - https:\/\/yoast.com\/product\/yoast-seo-premium-wordpress\/ -->\n<title>Services - KROM Consulting<\/title>\n<meta name=\"robots\" content=\"index, follow, max-snippet:-1, max-image-preview:large, max-video-preview:-1\" \/>\n<link rel=\"canonical\" href=\"https:\/\/krom-cs.com\/fr\/services\/\" \/>\n<meta property=\"og:locale\" content=\"fr_FR\" \/>\n<meta property=\"og:type\" content=\"article\" \/>\n<meta property=\"og:title\" content=\"Services\" \/>\n<meta property=\"og:description\" content=\"Nous adaptons nos comp\u00e9tences \u00e0 vos besoins et exigences afin de d\u00e9velopper des r\u00e9sultats mesurables. Notre objectif est de travailler de mani\u00e8re professionnelle et efficace, en gardant un \u0153il critique sur les recommandations et en apportant de la valeur \u00e0 votre organisation. Estrategia Revisamos su estrategia global o en un nivel especifico de su organizaci\u00f3n.\" \/>\n<meta property=\"og:url\" content=\"https:\/\/krom-cs.com\/fr\/services\/\" \/>\n<meta property=\"og:site_name\" content=\"KROM Consulting\" \/>\n<meta property=\"article:modified_time\" content=\"2022-04-12T19:36:15+00:00\" \/>\n<meta property=\"og:image\" content=\"https:\/\/krom-cs.com\/wp-content\/uploads\/2016\/01\/KROM-strategy.jpg\" \/>\n<meta name=\"twitter:card\" content=\"summary_large_image\" \/>\n<meta name=\"twitter:site\" content=\"@ConsultingKrom\" \/>\n<meta name=\"twitter:label1\" content=\"Dur\u00e9e de lecture estim\u00e9e\" \/>\n\t<meta name=\"twitter:data1\" content=\"2 minutes\" \/>\n<script type=\"application\/ld+json\" class=\"yoast-schema-graph\">{\"@context\":\"https:\\\/\\\/schema.org\",\"@graph\":[{\"@type\":\"WebPage\",\"@id\":\"https:\\\/\\\/krom-cs.com\\\/fr\\\/services\\\/\",\"url\":\"https:\\\/\\\/krom-cs.com\\\/fr\\\/services\\\/\",\"name\":\"Services - KROM Consulting\",\"isPartOf\":{\"@id\":\"https:\\\/\\\/krom-cs.com\\\/#website\"},\"primaryImageOfPage\":{\"@id\":\"https:\\\/\\\/krom-cs.com\\\/fr\\\/services\\\/#primaryimage\"},\"image\":{\"@id\":\"https:\\\/\\\/krom-cs.com\\\/fr\\\/services\\\/#primaryimage\"},\"thumbnailUrl\":\"https:\\\/\\\/krom-cs.com\\\/wp-content\\\/uploads\\\/2016\\\/01\\\/KROM-strategy.jpg\",\"datePublished\":\"2016-01-13T22:48:37+00:00\",\"dateModified\":\"2022-04-12T19:36:15+00:00\",\"breadcrumb\":{\"@id\":\"https:\\\/\\\/krom-cs.com\\\/fr\\\/services\\\/#breadcrumb\"},\"inLanguage\":\"fr-FR\",\"potentialAction\":[{\"@type\":\"ReadAction\",\"target\":[\"https:\\\/\\\/krom-cs.com\\\/fr\\\/services\\\/\"]}]},{\"@type\":\"ImageObject\",\"inLanguage\":\"fr-FR\",\"@id\":\"https:\\\/\\\/krom-cs.com\\\/fr\\\/services\\\/#primaryimage\",\"url\":\"https:\\\/\\\/krom-cs.com\\\/wp-content\\\/uploads\\\/2016\\\/01\\\/KROM-strategy.jpg\",\"contentUrl\":\"https:\\\/\\\/krom-cs.com\\\/wp-content\\\/uploads\\\/2016\\\/01\\\/KROM-strategy.jpg\"},{\"@type\":\"BreadcrumbList\",\"@id\":\"https:\\\/\\\/krom-cs.com\\\/fr\\\/services\\\/#breadcrumb\",\"itemListElement\":[{\"@type\":\"ListItem\",\"position\":1,\"name\":\"Home\",\"item\":\"https:\\\/\\\/krom-cs.com\\\/\"},{\"@type\":\"ListItem\",\"position\":2,\"name\":\"Services\"}]},{\"@type\":\"WebSite\",\"@id\":\"https:\\\/\\\/krom-cs.com\\\/#website\",\"url\":\"https:\\\/\\\/krom-cs.com\\\/\",\"name\":\"KROM Consulting\",\"description\":\"Bring Value to your Organization Meeting your Objectives\",\"publisher\":{\"@id\":\"https:\\\/\\\/krom-cs.com\\\/#organization\"},\"potentialAction\":[{\"@type\":\"SearchAction\",\"target\":{\"@type\":\"EntryPoint\",\"urlTemplate\":\"https:\\\/\\\/krom-cs.com\\\/?s={search_term_string}\"},\"query-input\":{\"@type\":\"PropertyValueSpecification\",\"valueRequired\":true,\"valueName\":\"search_term_string\"}}],\"inLanguage\":\"fr-FR\"},{\"@type\":\"Organization\",\"@id\":\"https:\\\/\\\/krom-cs.com\\\/#organization\",\"name\":\"KROM Consulting\",\"url\":\"https:\\\/\\\/krom-cs.com\\\/\",\"logo\":{\"@type\":\"ImageObject\",\"inLanguage\":\"fr-FR\",\"@id\":\"https:\\\/\\\/krom-cs.com\\\/#\\\/schema\\\/logo\\\/image\\\/\",\"url\":\"https:\\\/\\\/krom-cs.com\\\/wp-content\\\/uploads\\\/2022\\\/03\\\/logo_200.png\",\"contentUrl\":\"https:\\\/\\\/krom-cs.com\\\/wp-content\\\/uploads\\\/2022\\\/03\\\/logo_200.png\",\"width\":821,\"height\":200,\"caption\":\"KROM Consulting\"},\"image\":{\"@id\":\"https:\\\/\\\/krom-cs.com\\\/#\\\/schema\\\/logo\\\/image\\\/\"},\"sameAs\":[\"https:\\\/\\\/x.com\\\/ConsultingKrom\",\"https:\\\/\\\/www.linkedin.com\\\/company\\\/krom\\\/\"]}]}<\/script>\n<!-- \/ Yoast SEO Premium plugin. -->","yoast_head_json":{"title":"Services - KROM Consulting","robots":{"index":"index","follow":"follow","max-snippet":"max-snippet:-1","max-image-preview":"max-image-preview:large","max-video-preview":"max-video-preview:-1"},"canonical":"https:\/\/krom-cs.com\/fr\/services\/","og_locale":"fr_FR","og_type":"article","og_title":"Services","og_description":"Nous adaptons nos comp\u00e9tences \u00e0 vos besoins et exigences afin de d\u00e9velopper des r\u00e9sultats mesurables. Notre objectif est de travailler de mani\u00e8re professionnelle et efficace, en gardant un \u0153il critique sur les recommandations et en apportant de la valeur \u00e0 votre organisation. Estrategia Revisamos su estrategia global o en un nivel especifico de su organizaci\u00f3n.","og_url":"https:\/\/krom-cs.com\/fr\/services\/","og_site_name":"KROM Consulting","article_modified_time":"2022-04-12T19:36:15+00:00","og_image":[{"url":"https:\/\/krom-cs.com\/wp-content\/uploads\/2016\/01\/KROM-strategy.jpg","type":"","width":"","height":""}],"twitter_card":"summary_large_image","twitter_site":"@ConsultingKrom","twitter_misc":{"Dur\u00e9e de lecture estim\u00e9e":"2 minutes"},"schema":{"@context":"https:\/\/schema.org","@graph":[{"@type":"WebPage","@id":"https:\/\/krom-cs.com\/fr\/services\/","url":"https:\/\/krom-cs.com\/fr\/services\/","name":"Services - KROM Consulting","isPartOf":{"@id":"https:\/\/krom-cs.com\/#website"},"primaryImageOfPage":{"@id":"https:\/\/krom-cs.com\/fr\/services\/#primaryimage"},"image":{"@id":"https:\/\/krom-cs.com\/fr\/services\/#primaryimage"},"thumbnailUrl":"https:\/\/krom-cs.com\/wp-content\/uploads\/2016\/01\/KROM-strategy.jpg","datePublished":"2016-01-13T22:48:37+00:00","dateModified":"2022-04-12T19:36:15+00:00","breadcrumb":{"@id":"https:\/\/krom-cs.com\/fr\/services\/#breadcrumb"},"inLanguage":"fr-FR","potentialAction":[{"@type":"ReadAction","target":["https:\/\/krom-cs.com\/fr\/services\/"]}]},{"@type":"ImageObject","inLanguage":"fr-FR","@id":"https:\/\/krom-cs.com\/fr\/services\/#primaryimage","url":"https:\/\/krom-cs.com\/wp-content\/uploads\/2016\/01\/KROM-strategy.jpg","contentUrl":"https:\/\/krom-cs.com\/wp-content\/uploads\/2016\/01\/KROM-strategy.jpg"},{"@type":"BreadcrumbList","@id":"https:\/\/krom-cs.com\/fr\/services\/#breadcrumb","itemListElement":[{"@type":"ListItem","position":1,"name":"Home","item":"https:\/\/krom-cs.com\/"},{"@type":"ListItem","position":2,"name":"Services"}]},{"@type":"WebSite","@id":"https:\/\/krom-cs.com\/#website","url":"https:\/\/krom-cs.com\/","name":"KROM Consulting","description":"Bring Value to your Organization Meeting your Objectives","publisher":{"@id":"https:\/\/krom-cs.com\/#organization"},"potentialAction":[{"@type":"SearchAction","target":{"@type":"EntryPoint","urlTemplate":"https:\/\/krom-cs.com\/?s={search_term_string}"},"query-input":{"@type":"PropertyValueSpecification","valueRequired":true,"valueName":"search_term_string"}}],"inLanguage":"fr-FR"},{"@type":"Organization","@id":"https:\/\/krom-cs.com\/#organization","name":"KROM Consulting","url":"https:\/\/krom-cs.com\/","logo":{"@type":"ImageObject","inLanguage":"fr-FR","@id":"https:\/\/krom-cs.com\/#\/schema\/logo\/image\/","url":"https:\/\/krom-cs.com\/wp-content\/uploads\/2022\/03\/logo_200.png","contentUrl":"https:\/\/krom-cs.com\/wp-content\/uploads\/2022\/03\/logo_200.png","width":821,"height":200,"caption":"KROM Consulting"},"image":{"@id":"https:\/\/krom-cs.com\/#\/schema\/logo\/image\/"},"sameAs":["https:\/\/x.com\/ConsultingKrom","https:\/\/www.linkedin.com\/company\/krom\/"]}]}},"_links":{"self":[{"href":"https:\/\/krom-cs.com\/fr\/wp-json\/wp\/v2\/pages\/7764","targetHints":{"allow":["GET"]}}],"collection":[{"href":"https:\/\/krom-cs.com\/fr\/wp-json\/wp\/v2\/pages"}],"about":[{"href":"https:\/\/krom-cs.com\/fr\/wp-json\/wp\/v2\/types\/page"}],"author":[{"embeddable":true,"href":"https:\/\/krom-cs.com\/fr\/wp-json\/wp\/v2\/users\/1"}],"replies":[{"embeddable":true,"href":"https:\/\/krom-cs.com\/fr\/wp-json\/wp\/v2\/comments?post=7764"}],"version-history":[{"count":0,"href":"https:\/\/krom-cs.com\/fr\/wp-json\/wp\/v2\/pages\/7764\/revisions"}],"wp:attachment":[{"href":"https:\/\/krom-cs.com\/fr\/wp-json\/wp\/v2\/media?parent=7764"}],"curies":[{"name":"wp","href":"https:\/\/api.w.org\/{rel}","templated":true}]}}