{"id":7749,"date":"2017-02-09T14:04:48","date_gmt":"2017-02-09T19:04:48","guid":{"rendered":"https:\/\/krom-cs.com\/?page_id=7749"},"modified":"2022-04-07T15:26:46","modified_gmt":"2022-04-07T20:26:46","slug":"contact","status":"publish","type":"page","link":"https:\/\/krom-cs.com\/fr\/contact\/","title":{"rendered":"Contact"},"content":{"rendered":"\t\t<div data-elementor-type=\"wp-page\" data-elementor-id=\"7749\" class=\"elementor elementor-7749 elementor-1529\">\n\t\t\t\t\t\t<section class=\"elementor-section elementor-top-section elementor-element elementor-element-fe1c963 elementor-section-boxed elementor-section-height-default elementor-section-height-default\" data-id=\"fe1c963\" data-element_type=\"section\" data-e-type=\"section\" data-settings=\"{&quot;background_background&quot;:&quot;classic&quot;}\">\n\t\t\t\t\t\t<div class=\"elementor-container elementor-column-gap-default\">\n\t\t\t\t\t<div class=\"elementor-column elementor-col-100 elementor-top-column elementor-element elementor-element-fe1ce8f\" data-id=\"fe1ce8f\" data-element_type=\"column\" data-e-type=\"column\" data-settings=\"{&quot;background_background&quot;:&quot;classic&quot;}\">\n\t\t\t<div class=\"elementor-widget-wrap elementor-element-populated\">\n\t\t\t\t\t\t<div class=\"elementor-element elementor-element-fe1d2d1 elementor-widget elementor-widget-text-editor\" data-id=\"fe1d2d1\" data-element_type=\"widget\" data-e-type=\"widget\" data-widget_type=\"text-editor.default\">\n\t\t\t\t<div class=\"elementor-widget-container\">\n\t\t\t\t\t\t\t\t\t<p>A votre service pour participer \u00e0 vos d\u00e9fis.<\/p>\n<p>Merci de votre int\u00e9r\u00eat. Comment pouvons nous vous aider?<\/p>\n<p>Nous acceptons de nouveaux projets.<\/p>\n<p><strong>KROM<\/strong> est toujours pr\u00eat \u00e0 aider les entreprises \u00e0 augmenter leur valeur et \u00e0 atteindre leurs objectifs avec des r\u00e9sultats mesurables. Laissez-nous vous aider \u00e0 relever les d\u00e9fis auxquels votre entreprise est confront\u00e9e.<\/p>\n\t\t\t\t\t\t\t\t<\/div>\n\t\t\t\t<\/div>\n\t\t\t\t<div class=\"elementor-element elementor-element-fe1d51d elementor-widget elementor-widget-stm_contacts_widget\" data-id=\"fe1d51d\" data-element_type=\"widget\" data-e-type=\"widget\" data-widget_type=\"stm_contacts_widget.default\">\n\t\t\t\t<div class=\"elementor-widget-container\">\n\t\t\t\t\t\n<div class=\"stm_contacts_widget consulting_elementor_contacts_widget style_4 \">\n    \n            <h4 class=\"no_stripe\">Coordonn\u00e9es de contact<\/h4>\n    \n    \n        <ul>\n                            <li>\n                    <div class=\"icon\"><i class=\"fa fa-map-marker\"><\/i><\/div>\n                    <div class=\"text\">Cra 51B #80-58, Office 1003<br \/>Barranquilla, Atl\u00e1ntico<\/div>\n                <\/li>\n                                                                <li>\n                    <div class=\"icon\"><i class=\"fa fa-envelope\"><\/i><\/div>\n                    <div class=\"text\"><a href=\"mailto:&#105;&#110;f&#111;&#64;kr&#111;m-&#99;&#115;&#46;c&#111;m\">i&#110;fo&#64;k&#114;o&#109;&#45;&#99;s.c&#111;m<\/a><\/div>\n                <\/li>\n                                <\/ul>\n                    <ul class=\"socials\">\n                                                    <li><a href=\"https:\/\/twitter.com\/ConsultingKrom\" target=\"_blank\" class=\"social-twitter\"><i class=\"fa fa-twitter\"><\/i><\/a><\/li>\n                                                    <li><a href=\"https:\/\/www.linkedin.com\/company\/krom\/\" target=\"_blank\" class=\"social-linkedin\"><i class=\"fa fa-linkedin\"><\/i><\/a><\/li>\n                                                            <\/ul>\n        \n    \n<\/div>\t\t\t\t<\/div>\n\t\t\t\t<\/div>\n\t\t\t\t\t<\/div>\n\t\t<\/div>\n\t\t\t\t<div class=\"elementor-column elementor-col-100 elementor-top-column elementor-element elementor-element-fe1d5c6\" data-id=\"fe1d5c6\" data-element_type=\"column\" data-e-type=\"column\" data-settings=\"{&quot;background_background&quot;:&quot;classic&quot;}\">\n\t\t\t<div class=\"elementor-widget-wrap elementor-element-populated\">\n\t\t\t\t\t\t<div class=\"elementor-element elementor-element-3b4ddff uael-gf-ajax-true uael-gf-style-box uael-gf-input-size-sm uael-gf-enable-classes-no uael-gf-button-left uael-gf-btn-size-sm elementor-widget elementor-widget-uael-gf-styler\" data-id=\"3b4ddff\" data-element_type=\"widget\" data-e-type=\"widget\" data-widget_type=\"uael-gf-styler.default\">\n\t\t\t\t<div class=\"elementor-widget-container\">\n\t\t\t\t\t<div class=\"uael-gf-style uael-gf-check-style elementor-clickable\">\n\t<script type=\"text\/javascript\">var gform;gform||(document.addEventListener(\"gform_main_scripts_loaded\",function(){gform.scriptsLoaded=!0}),window.addEventListener(\"DOMContentLoaded\",function(){gform.domLoaded=!0}),gform={domLoaded:!1,scriptsLoaded:!1,initializeOnLoaded:function(o){gform.domLoaded&&gform.scriptsLoaded?o():!gform.domLoaded&&gform.scriptsLoaded?window.addEventListener(\"DOMContentLoaded\",o):document.addEventListener(\"gform_main_scripts_loaded\",o)},hooks:{action:{},filter:{}},addAction:function(o,n,r,t){gform.addHook(\"action\",o,n,r,t)},addFilter:function(o,n,r,t){gform.addHook(\"filter\",o,n,r,t)},doAction:function(o){gform.doHook(\"action\",o,arguments)},applyFilters:function(o){return gform.doHook(\"filter\",o,arguments)},removeAction:function(o,n){gform.removeHook(\"action\",o,n)},removeFilter:function(o,n,r){gform.removeHook(\"filter\",o,n,r)},addHook:function(o,n,r,t,i){null==gform.hooks[o][n]&&(gform.hooks[o][n]=[]);var e=gform.hooks[o][n];null==i&&(i=n+\"_\"+e.length),gform.hooks[o][n].push({tag:i,callable:r,priority:t=null==t?10:t})},doHook:function(n,o,r){var t;if(r=Array.prototype.slice.call(r,1),null!=gform.hooks[n][o]&&((o=gform.hooks[n][o]).sort(function(o,n){return o.priority-n.priority}),o.forEach(function(o){\"function\"!=typeof(t=o.callable)&&(t=window[t]),\"action\"==n?t.apply(null,r):r[0]=t.apply(null,r)})),\"filter\"==n)return r[0]},removeHook:function(o,n,t,i){var r;null!=gform.hooks[o][n]&&(r=(r=gform.hooks[o][n]).filter(function(o,n,r){return!!(null!=i&&i!=o.tag||null!=t&&t!=o.priority)}),gform.hooks[o][n]=r)}});<\/script>\n                <div class='gf_browser_gecko gform_wrapper gravity-theme' id='gform_wrapper_3' ><form method='post' enctype='multipart\/form-data'  id='gform_3'  action='\/fr\/wp-json\/wp\/v2\/pages\/7749' novalidate>\n                        <div class='gform_body gform-body'><div id='gform_fields_3' class='gform_fields top_label form_sublabel_below description_below'><fieldset id=\"field_3_1\"  class=\"gfield gfield_contains_required field_sublabel_hidden_label field_description_below hidden_label gfield_visibility_visible\"  data-js-reload=\"field_3_1\"><legend class='gfield_label gfield_label_before_complex'  >Name<span class=\"gfield_required\"><span class=\"gfield_required gfield_required_asterisk\">*<\/span><\/span><\/legend><div class='ginput_complex ginput_container no_prefix has_first_name no_middle_name has_last_name no_suffix gf_name_has_2 ginput_container_name' id='input_3_1'>\n                            \n                            <span id='input_3_1_3_container' class='name_first' >\n                                                    <input type='text' name='input_1.3' id='input_3_1_3' value='' tabindex='2'  aria-required='true'   placeholder='Pr\u00e9nom'  \/>\n                                                    <label for='input_3_1_3' class='hidden_sub_label screen-reader-text'>Pr\u00e9nom<\/label>\n                                                <\/span>\n                            \n                            <span id='input_3_1_6_container' class='name_last' >\n                                                    <input type='text' name='input_1.6' id='input_3_1_6' value='' tabindex='4'  aria-required='true'   placeholder='Nom de famille'  \/>\n                                                    <label for='input_3_1_6' class='hidden_sub_label screen-reader-text'>Nom<\/label>\n                                                <\/span>\n                            \n                        <\/div><\/fieldset><div id=\"field_3_4\"  class=\"gfield gfield--width-full gfield_contains_required field_sublabel_below field_description_below hidden_label gfield_visibility_visible\"  data-js-reload=\"field_3_4\"><label class='gfield_label' for='input_3_4' >Email<span class=\"gfield_required\"><span class=\"gfield_required gfield_required_asterisk\">*<\/span><\/span><\/label><div class='ginput_container ginput_container_email'>\n                            <input name='input_4' id='input_3_4' type='email' value='' class='large' tabindex='6'  placeholder='Courrier \u00e9lectronique :' aria-required=\"true\" aria-invalid=\"false\"  \/>\n                        <\/div><\/div><div id=\"field_3_3\"  class=\"gfield gfield--width-full field_sublabel_below field_description_below hidden_label gfield_visibility_visible\"  data-js-reload=\"field_3_3\"><label class='gfield_label' for='input_3_3' >Company<\/label><div class='ginput_container ginput_container_text'><input name='input_3' id='input_3_3' type='text' value='' class='large'   tabindex='7' placeholder='Entreprise et\/ou fonction'  aria-invalid=\"false\"   \/> <\/div><\/div><div id=\"field_3_5\"  class=\"gfield gfield--width-full field_sublabel_below field_description_below hidden_label gfield_visibility_visible\"  data-js-reload=\"field_3_5\"><label class='gfield_label' for='input_3_5' >Subject<\/label><div class='ginput_container ginput_container_text'><input name='input_5' id='input_3_5' type='text' value='' class='large'   tabindex='8' placeholder='Sujet'  aria-invalid=\"false\"   \/> <\/div><\/div><div id=\"field_3_6\"  class=\"gfield gfield--width-full field_sublabel_below field_description_below hidden_label gfield_visibility_visible\"  data-js-reload=\"field_3_6\"><label class='gfield_label' for='input_3_6' >Message<\/label><div class='ginput_container ginput_container_textarea'><textarea name='input_6' id='input_3_6' class='textarea medium' tabindex='9'   placeholder='D\u00e9crivez votre message ou vos commentaires...'  aria-invalid=\"false\"   rows='10' cols='50'><\/textarea><\/div><\/div><div id=\"field_3_7\"  class=\"gfield gfield--width-full field_sublabel_below field_description_below hidden_label gfield_visibility_visible\"  data-js-reload=\"field_3_7\"><label class='gfield_label' for='input_3_7' >CAPTCHA<\/label><div id='input_3_7' class='ginput_container ginput_recaptcha' data-sitekey='6LcXTjMgAAAAAFg8aqpLUshxkJoSGMM778HurR0f'  data-theme='light' data-tabindex='10'  data-badge=''><\/div><\/div><div id=\"field_3_8\"  class=\"gfield gform_validation_container field_sublabel_below field_description_below gfield_visibility_visible\"  data-js-reload=\"field_3_8\"><label class='gfield_label' for='input_3_8' >Name<\/label><div class='ginput_container'><input name='input_8' id='input_3_8' type='text' value='' autocomplete='new-password'\/><\/div><div class='gfield_description' id='gfield_description_3_8'>Ce champ n\u2019est utilis\u00e9 qu\u2019\u00e0 des fins de validation et devrait rester inchang\u00e9.<\/div><\/div><\/div><\/div>\n        <div class='gform_footer top_label'> <input type='submit' id='gform_submit_button_3' class='gform_button button gform-button--width-full' value='Envoyer' tabindex='11' onclick='if(window[\"gf_submitting_3\"]){return false;}  if( !jQuery(\"#gform_3\")[0].checkValidity || jQuery(\"#gform_3\")[0].checkValidity()){window[\"gf_submitting_3\"]=true;}  ' onkeypress='if( event.keyCode == 13 ){ if(window[\"gf_submitting_3\"]){return false;} if( !jQuery(\"#gform_3\")[0].checkValidity || jQuery(\"#gform_3\")[0].checkValidity()){window[\"gf_submitting_3\"]=true;}  jQuery(\"#gform_3\").trigger(\"submit\",[true]); }' \/> \n            <input type='hidden' class='gform_hidden' name='is_submit_3' value='1' \/>\n            <input type='hidden' class='gform_hidden' name='gform_submit' value='3' \/>\n            \n            <input type='hidden' class='gform_hidden' name='gform_unique_id' value='' \/>\n            <input type='hidden' class='gform_hidden' name='state_3' value='WyJbXSIsIjQzYjhkMTdjNDY5NGFhNzFjZmFhMTE3NmIwMjRmMWRiIl0=' \/>\n            <input type='hidden' class='gform_hidden' name='gform_target_page_number_3' id='gform_target_page_number_3' value='0' \/>\n            <input type='hidden' class='gform_hidden' name='gform_source_page_number_3' id='gform_source_page_number_3' value='1' \/>\n            <input type='hidden' name='gform_field_values' value='' \/>\n            \n        <\/div>\n                        <\/form>\n                        <\/div>\n<\/div>\n\t\t\t\t<\/div>\n\t\t\t\t<\/div>\n\t\t\t\t\t<\/div>\n\t\t<\/div>\n\t\t\t\t\t<\/div>\n\t\t<\/section>\n\t\t\t\t<section class=\"elementor-section elementor-top-section elementor-element elementor-element-fe1da77 elementor-section-full_width elementor-section-height-default elementor-section-height-default\" data-id=\"fe1da77\" data-element_type=\"section\" data-e-type=\"section\" data-settings=\"{&quot;background_background&quot;:&quot;classic&quot;}\">\n\t\t\t\t\t\t<div class=\"elementor-container elementor-column-gap-no\">\n\t\t\t\t\t<div class=\"elementor-column elementor-col-100 elementor-top-column elementor-element elementor-element-fe1de87\" data-id=\"fe1de87\" data-element_type=\"column\" data-e-type=\"column\">\n\t\t\t<div class=\"elementor-widget-wrap elementor-element-populated\">\n\t\t\t\t\t\t<div class=\"elementor-element elementor-element-fe1e1cb elementor-widget elementor-widget-google_maps\" data-id=\"fe1e1cb\" data-element_type=\"widget\" data-e-type=\"widget\" data-widget_type=\"google_maps.default\">\n\t\t\t\t<div class=\"elementor-widget-container\">\n\t\t\t\t\t\t\t<div class=\"elementor-custom-embed\">\n\t\t\t<iframe loading=\"lazy\"\n\t\t\t\t\tsrc=\"https:\/\/maps.google.com\/maps?q=Smart%20Office%20Center&#038;t=m&#038;z=14&#038;output=embed&#038;iwloc=near\"\n\t\t\t\t\ttitle=\"Smart Office Center\"\n\t\t\t\t\taria-label=\"Smart Office Center\"\n\t\t\t><\/iframe>\n\t\t<\/div>\n\t\t\t\t\t\t<\/div>\n\t\t\t\t<\/div>\n\t\t\t\t\t<\/div>\n\t\t<\/div>\n\t\t\t\t\t<\/div>\n\t\t<\/section>\n\t\t\t\t<\/div>\n\t\t","protected":false},"excerpt":{"rendered":"<p>A votre service pour participer \u00e0 vos d\u00e9fis. Merci de votre int\u00e9r\u00eat. Comment pouvons nous vous aider? Nous acceptons de nouveaux projets. KROM est toujours pr\u00eat \u00e0 aider les entreprises \u00e0 augmenter leur valeur et \u00e0 atteindre leurs objectifs avec des r\u00e9sultats mesurables. Laissez-nous vous aider \u00e0 relever les d\u00e9fis auxquels votre entreprise est confront\u00e9e.<\/p>\n","protected":false},"author":1,"featured_media":0,"parent":0,"menu_order":0,"comment_status":"closed","ping_status":"closed","template":"","meta":{"nf_dc_page":"","footnotes":""},"class_list":["post-7749","page","type-page","status-publish","hentry"],"yoast_head":"<!-- This site is optimized with the Yoast SEO Premium plugin v19.5 (Yoast SEO v27.4) - https:\/\/yoast.com\/product\/yoast-seo-premium-wordpress\/ -->\n<title>Contact - KROM Consulting<\/title>\n<meta name=\"robots\" content=\"index, follow, max-snippet:-1, max-image-preview:large, max-video-preview:-1\" \/>\n<link rel=\"canonical\" href=\"https:\/\/krom-cs.com\/fr\/contact\/\" \/>\n<meta property=\"og:locale\" content=\"fr_FR\" \/>\n<meta property=\"og:type\" content=\"article\" \/>\n<meta property=\"og:title\" content=\"Contact\" \/>\n<meta property=\"og:description\" content=\"A votre service pour participer \u00e0 vos d\u00e9fis. Merci de votre int\u00e9r\u00eat. Comment pouvons nous vous aider? Nous acceptons de nouveaux projets. KROM est toujours pr\u00eat \u00e0 aider les entreprises \u00e0 augmenter leur valeur et \u00e0 atteindre leurs objectifs avec des r\u00e9sultats mesurables. Laissez-nous vous aider \u00e0 relever les d\u00e9fis auxquels votre entreprise est confront\u00e9e.\" \/>\n<meta property=\"og:url\" content=\"https:\/\/krom-cs.com\/fr\/contact\/\" \/>\n<meta property=\"og:site_name\" content=\"KROM Consulting\" \/>\n<meta property=\"article:modified_time\" content=\"2022-04-07T20:26:46+00:00\" \/>\n<meta name=\"twitter:card\" content=\"summary_large_image\" \/>\n<meta name=\"twitter:site\" content=\"@ConsultingKrom\" \/>\n<script type=\"application\/ld+json\" class=\"yoast-schema-graph\">{\"@context\":\"https:\\\/\\\/schema.org\",\"@graph\":[{\"@type\":\"WebPage\",\"@id\":\"https:\\\/\\\/krom-cs.com\\\/fr\\\/contact\\\/\",\"url\":\"https:\\\/\\\/krom-cs.com\\\/fr\\\/contact\\\/\",\"name\":\"Contact - KROM Consulting\",\"isPartOf\":{\"@id\":\"https:\\\/\\\/krom-cs.com\\\/#website\"},\"datePublished\":\"2017-02-09T19:04:48+00:00\",\"dateModified\":\"2022-04-07T20:26:46+00:00\",\"breadcrumb\":{\"@id\":\"https:\\\/\\\/krom-cs.com\\\/fr\\\/contact\\\/#breadcrumb\"},\"inLanguage\":\"fr-FR\",\"potentialAction\":[{\"@type\":\"ReadAction\",\"target\":[\"https:\\\/\\\/krom-cs.com\\\/fr\\\/contact\\\/\"]}]},{\"@type\":\"BreadcrumbList\",\"@id\":\"https:\\\/\\\/krom-cs.com\\\/fr\\\/contact\\\/#breadcrumb\",\"itemListElement\":[{\"@type\":\"ListItem\",\"position\":1,\"name\":\"Home\",\"item\":\"https:\\\/\\\/krom-cs.com\\\/\"},{\"@type\":\"ListItem\",\"position\":2,\"name\":\"Contact\"}]},{\"@type\":\"WebSite\",\"@id\":\"https:\\\/\\\/krom-cs.com\\\/#website\",\"url\":\"https:\\\/\\\/krom-cs.com\\\/\",\"name\":\"KROM Consulting\",\"description\":\"Bring Value to your Organization Meeting your Objectives\",\"publisher\":{\"@id\":\"https:\\\/\\\/krom-cs.com\\\/#organization\"},\"potentialAction\":[{\"@type\":\"SearchAction\",\"target\":{\"@type\":\"EntryPoint\",\"urlTemplate\":\"https:\\\/\\\/krom-cs.com\\\/?s={search_term_string}\"},\"query-input\":{\"@type\":\"PropertyValueSpecification\",\"valueRequired\":true,\"valueName\":\"search_term_string\"}}],\"inLanguage\":\"fr-FR\"},{\"@type\":\"Organization\",\"@id\":\"https:\\\/\\\/krom-cs.com\\\/#organization\",\"name\":\"KROM Consulting\",\"url\":\"https:\\\/\\\/krom-cs.com\\\/\",\"logo\":{\"@type\":\"ImageObject\",\"inLanguage\":\"fr-FR\",\"@id\":\"https:\\\/\\\/krom-cs.com\\\/#\\\/schema\\\/logo\\\/image\\\/\",\"url\":\"https:\\\/\\\/krom-cs.com\\\/wp-content\\\/uploads\\\/2022\\\/03\\\/logo_200.png\",\"contentUrl\":\"https:\\\/\\\/krom-cs.com\\\/wp-content\\\/uploads\\\/2022\\\/03\\\/logo_200.png\",\"width\":821,\"height\":200,\"caption\":\"KROM Consulting\"},\"image\":{\"@id\":\"https:\\\/\\\/krom-cs.com\\\/#\\\/schema\\\/logo\\\/image\\\/\"},\"sameAs\":[\"https:\\\/\\\/x.com\\\/ConsultingKrom\",\"https:\\\/\\\/www.linkedin.com\\\/company\\\/krom\\\/\"]}]}<\/script>\n<!-- \/ Yoast SEO Premium plugin. -->","yoast_head_json":{"title":"Contact - KROM Consulting","robots":{"index":"index","follow":"follow","max-snippet":"max-snippet:-1","max-image-preview":"max-image-preview:large","max-video-preview":"max-video-preview:-1"},"canonical":"https:\/\/krom-cs.com\/fr\/contact\/","og_locale":"fr_FR","og_type":"article","og_title":"Contact","og_description":"A votre service pour participer \u00e0 vos d\u00e9fis. Merci de votre int\u00e9r\u00eat. Comment pouvons nous vous aider? Nous acceptons de nouveaux projets. KROM est toujours pr\u00eat \u00e0 aider les entreprises \u00e0 augmenter leur valeur et \u00e0 atteindre leurs objectifs avec des r\u00e9sultats mesurables. Laissez-nous vous aider \u00e0 relever les d\u00e9fis auxquels votre entreprise est confront\u00e9e.","og_url":"https:\/\/krom-cs.com\/fr\/contact\/","og_site_name":"KROM Consulting","article_modified_time":"2022-04-07T20:26:46+00:00","twitter_card":"summary_large_image","twitter_site":"@ConsultingKrom","schema":{"@context":"https:\/\/schema.org","@graph":[{"@type":"WebPage","@id":"https:\/\/krom-cs.com\/fr\/contact\/","url":"https:\/\/krom-cs.com\/fr\/contact\/","name":"Contact - KROM Consulting","isPartOf":{"@id":"https:\/\/krom-cs.com\/#website"},"datePublished":"2017-02-09T19:04:48+00:00","dateModified":"2022-04-07T20:26:46+00:00","breadcrumb":{"@id":"https:\/\/krom-cs.com\/fr\/contact\/#breadcrumb"},"inLanguage":"fr-FR","potentialAction":[{"@type":"ReadAction","target":["https:\/\/krom-cs.com\/fr\/contact\/"]}]},{"@type":"BreadcrumbList","@id":"https:\/\/krom-cs.com\/fr\/contact\/#breadcrumb","itemListElement":[{"@type":"ListItem","position":1,"name":"Home","item":"https:\/\/krom-cs.com\/"},{"@type":"ListItem","position":2,"name":"Contact"}]},{"@type":"WebSite","@id":"https:\/\/krom-cs.com\/#website","url":"https:\/\/krom-cs.com\/","name":"KROM Consulting","description":"Bring Value to your Organization Meeting your Objectives","publisher":{"@id":"https:\/\/krom-cs.com\/#organization"},"potentialAction":[{"@type":"SearchAction","target":{"@type":"EntryPoint","urlTemplate":"https:\/\/krom-cs.com\/?s={search_term_string}"},"query-input":{"@type":"PropertyValueSpecification","valueRequired":true,"valueName":"search_term_string"}}],"inLanguage":"fr-FR"},{"@type":"Organization","@id":"https:\/\/krom-cs.com\/#organization","name":"KROM Consulting","url":"https:\/\/krom-cs.com\/","logo":{"@type":"ImageObject","inLanguage":"fr-FR","@id":"https:\/\/krom-cs.com\/#\/schema\/logo\/image\/","url":"https:\/\/krom-cs.com\/wp-content\/uploads\/2022\/03\/logo_200.png","contentUrl":"https:\/\/krom-cs.com\/wp-content\/uploads\/2022\/03\/logo_200.png","width":821,"height":200,"caption":"KROM Consulting"},"image":{"@id":"https:\/\/krom-cs.com\/#\/schema\/logo\/image\/"},"sameAs":["https:\/\/x.com\/ConsultingKrom","https:\/\/www.linkedin.com\/company\/krom\/"]}]}},"_links":{"self":[{"href":"https:\/\/krom-cs.com\/fr\/wp-json\/wp\/v2\/pages\/7749","targetHints":{"allow":["GET"]}}],"collection":[{"href":"https:\/\/krom-cs.com\/fr\/wp-json\/wp\/v2\/pages"}],"about":[{"href":"https:\/\/krom-cs.com\/fr\/wp-json\/wp\/v2\/types\/page"}],"author":[{"embeddable":true,"href":"https:\/\/krom-cs.com\/fr\/wp-json\/wp\/v2\/users\/1"}],"replies":[{"embeddable":true,"href":"https:\/\/krom-cs.com\/fr\/wp-json\/wp\/v2\/comments?post=7749"}],"version-history":[{"count":0,"href":"https:\/\/krom-cs.com\/fr\/wp-json\/wp\/v2\/pages\/7749\/revisions"}],"wp:attachment":[{"href":"https:\/\/krom-cs.com\/fr\/wp-json\/wp\/v2\/media?parent=7749"}],"curies":[{"name":"wp","href":"https:\/\/api.w.org\/{rel}","templated":true}]}}