{"id":7695,"date":"2016-01-07T09:31:53","date_gmt":"2016-01-07T14:31:53","guid":{"rendered":"https:\/\/krom-cs.com\/?page_id=7695"},"modified":"2022-04-12T11:45:02","modified_gmt":"2022-04-12T16:45:02","slug":"trabaje-con-nosotros","status":"publish","type":"page","link":"https:\/\/krom-cs.com\/es\/nosotros\/trabaje-con-nosotros\/","title":{"rendered":"Trabaje con nosotros"},"content":{"rendered":"\t\t<div data-elementor-type=\"wp-page\" data-elementor-id=\"7695\" class=\"elementor elementor-7695 elementor-408\">\n\t\t\t\t\t\t<section class=\"elementor-section elementor-top-section elementor-element elementor-element-43a5242 elementor-section-boxed elementor-section-height-default elementor-section-height-default\" data-id=\"43a5242\" data-element_type=\"section\" data-e-type=\"section\">\n\t\t\t\t\t\t<div class=\"elementor-container elementor-column-gap-default\">\n\t\t\t\t\t<div class=\"elementor-column elementor-col-50 elementor-top-column elementor-element elementor-element-462ae00\" data-id=\"462ae00\" data-element_type=\"column\" data-e-type=\"column\">\n\t\t\t<div class=\"elementor-widget-wrap elementor-element-populated\">\n\t\t\t\t\t\t<div class=\"elementor-element elementor-element-777fd79 elementor-widget elementor-widget-text-editor\" data-id=\"777fd79\" data-element_type=\"widget\" data-e-type=\"widget\" data-widget_type=\"text-editor.default\">\n\t\t\t\t<div class=\"elementor-widget-container\">\n\t\t\t\t\t\t\t\t\t<h6><strong><span class=\"subtitle\">Impulsa tu carrera uni\u00e9ndote a nuestro equipo.<\/span><\/strong><\/h6>\n<p><strong>KROM Consulting S.A.S.<\/strong> siempre est\u00e1 buscando candidatos de alto potencial interesados en trabajar con m\u00faltiples clientes, tareas y culturas.<\/p>\n<p>Reconocemos que el \u00e9xito de una empresa radica en su gente, con sus habilidades, compromiso y sus contribuciones. Los alentamos a desarrollarse, impulsar sus carreras y participar diariamente en la mejora y el crecimiento de la empresa.<\/p>\n<p><strong>KROM<\/strong> fomenta la autonom\u00eda, responsabilidad y creatividad de los miembros de nuestro equipo dentro de nuestra organizaci\u00f3n y la de nuestros clientes. Buscamos diferentes perfiles, que se ajusten a nuestros valores y est\u00e9n listos para desarrollar nuestras misiones.<\/p>\n\t\t\t\t\t\t\t\t<\/div>\n\t\t\t\t<\/div>\n\t\t\t\t\t<\/div>\n\t\t<\/div>\n\t\t\t\t<div class=\"elementor-column elementor-col-50 elementor-top-column elementor-element elementor-element-57f4aaa\" data-id=\"57f4aaa\" data-element_type=\"column\" data-e-type=\"column\">\n\t\t\t<div class=\"elementor-widget-wrap elementor-element-populated\">\n\t\t\t\t\t\t<div class=\"elementor-element elementor-element-e8f46df elementor-widget elementor-widget-image\" data-id=\"e8f46df\" data-element_type=\"widget\" data-e-type=\"widget\" data-widget_type=\"image.default\">\n\t\t\t\t<div class=\"elementor-widget-container\">\n\t\t\t\t\t\t\t\t\t\t\t\t\t\t\t<img fetchpriority=\"high\" decoding=\"async\" width=\"1000\" height=\"667\" src=\"https:\/\/krom-cs.com\/wp-content\/uploads\/2016\/01\/KROM-boost-your-career.jpg\" class=\"attachment-large size-large wp-image-6805\" alt=\"\" srcset=\"https:\/\/krom-cs.com\/wp-content\/uploads\/2016\/01\/KROM-boost-your-career.jpg 1000w, https:\/\/krom-cs.com\/wp-content\/uploads\/2016\/01\/KROM-boost-your-career-300x200.jpg 300w, https:\/\/krom-cs.com\/wp-content\/uploads\/2016\/01\/KROM-boost-your-career-768x512.jpg 768w, https:\/\/krom-cs.com\/wp-content\/uploads\/2016\/01\/KROM-boost-your-career-900x600.jpg 900w\" sizes=\"(max-width: 1000px) 100vw, 1000px\" \/>\t\t\t\t\t\t\t\t\t\t\t\t\t\t\t<\/div>\n\t\t\t\t<\/div>\n\t\t\t\t\t<\/div>\n\t\t<\/div>\n\t\t\t\t\t<\/div>\n\t\t<\/section>\n\t\t\t\t<section class=\"elementor-section elementor-top-section elementor-element elementor-element-777f436 elementor-section-boxed elementor-section-height-default elementor-section-height-default\" data-id=\"777f436\" data-element_type=\"section\" data-e-type=\"section\" data-settings=\"{&quot;background_background&quot;:&quot;classic&quot;}\">\n\t\t\t\t\t\t<div class=\"elementor-container elementor-column-gap-default\">\n\t\t\t\t\t<div class=\"elementor-column elementor-col-100 elementor-top-column elementor-element elementor-element-777f90a\" data-id=\"777f90a\" data-element_type=\"column\" data-e-type=\"column\">\n\t\t\t<div class=\"elementor-widget-wrap elementor-element-populated\">\n\t\t\t\t\t\t<div class=\"elementor-element elementor-element-40c9245 elementor-widget elementor-widget-toggle\" data-id=\"40c9245\" data-element_type=\"widget\" data-e-type=\"widget\" data-widget_type=\"toggle.default\">\n\t\t\t\t<div class=\"elementor-widget-container\">\n\t\t\t\t\t\t\t<div class=\"elementor-toggle\">\n\t\t\t\t\t\t\t<div class=\"elementor-toggle-item\">\n\t\t\t\t\t<div id=\"elementor-tab-title-6791\" class=\"elementor-tab-title\" data-tab=\"1\" role=\"button\" aria-controls=\"elementor-tab-content-6791\" aria-expanded=\"false\">\n\t\t\t\t\t\t\t\t\t\t\t\t<span class=\"elementor-toggle-icon elementor-toggle-icon-right\" aria-hidden=\"true\">\n\t\t\t\t\t\t\t\t\t\t\t\t\t\t\t<span class=\"elementor-toggle-icon-closed\"><i class=\"fas fa-plus\"><\/i><\/span>\n\t\t\t\t\t\t\t\t<span class=\"elementor-toggle-icon-opened\"><i class=\"elementor-toggle-icon-opened fas fa-minus\"><\/i><\/span>\n\t\t\t\t\t\t\t\t\t\t\t\t\t<\/span>\n\t\t\t\t\t\t\t\t\t\t\t\t<a class=\"elementor-toggle-title\" tabindex=\"0\">Gerente de Unidad de Negocio<\/a>\n\t\t\t\t\t<\/div>\n\n\t\t\t\t\t<div id=\"elementor-tab-content-6791\" class=\"elementor-tab-content elementor-clearfix\" data-tab=\"1\" role=\"region\" aria-labelledby=\"elementor-tab-title-6791\"><p>El gerente de la unidad de negocios est\u00e1 a cargo de desarrollar y administrar un grupo de consultores. Dentro de sus responsabilidades se encuentran:<\/p>\n<ul>\n<li>Gestionar la rentabilidad de la Unidad de Negocio<\/li>\n<li>Reclutar y desarrollar los consultores<\/li>\n<li>Identificar clientes interesados en nuestros servicios profesionales<\/li>\n<li>Identificar clientes interesados en nuestros servicios profesionales<\/li>\n<li>Brindar recomendaciones para aportar valor a las organizaciones de los clientes<\/li>\n<li>Informar al socio sobre cada consultor, las misiones en curso realizadas y el desarrollo comercial<\/li>\n<\/ul>\n<\/div>\n\t\t\t\t<\/div>\n\t\t\t\t\t\t\t<div class=\"elementor-toggle-item\">\n\t\t\t\t\t<div id=\"elementor-tab-title-6792\" class=\"elementor-tab-title\" data-tab=\"2\" role=\"button\" aria-controls=\"elementor-tab-content-6792\" aria-expanded=\"false\">\n\t\t\t\t\t\t\t\t\t\t\t\t<span class=\"elementor-toggle-icon elementor-toggle-icon-right\" aria-hidden=\"true\">\n\t\t\t\t\t\t\t\t\t\t\t\t\t\t\t<span class=\"elementor-toggle-icon-closed\"><i class=\"fas fa-plus\"><\/i><\/span>\n\t\t\t\t\t\t\t\t<span class=\"elementor-toggle-icon-opened\"><i class=\"elementor-toggle-icon-opened fas fa-minus\"><\/i><\/span>\n\t\t\t\t\t\t\t\t\t\t\t\t\t<\/span>\n\t\t\t\t\t\t\t\t\t\t\t\t<a class=\"elementor-toggle-title\" tabindex=\"0\">Consultor<\/a>\n\t\t\t\t\t<\/div>\n\n\t\t\t\t\t<div id=\"elementor-tab-content-6792\" class=\"elementor-tab-content elementor-clearfix\" data-tab=\"2\" role=\"region\" aria-labelledby=\"elementor-tab-title-6792\"><p>Perfil con un alto potencial que busca desarrollar sus habilidades dentro de un equipo joven y din\u00e1mico. El consultor se encarga de ayudar a nuestros clientes a alcanzar sus objetivos, dependiendo de la misi\u00f3n que se nos brinde. El trabajo puede ser en la oficina del cliente o en la oficina de <strong>KROM<\/strong>. El consultor deber\u00e1 tener buenas habilidades de adaptaci\u00f3n para realizar el trabajo en diferentes contextos.<\/p>\n<p>Las misiones que realizamos son en todos los sectores, enriquecedoras e impulsar\u00e1n su carrera si desea desafiarse a s\u00ed mismo para desarrollar el inter\u00e9s de sus clientes y apoyar el desarrollo de <strong>KROM<\/strong>.<\/p>\n<\/div>\n\t\t\t\t<\/div>\n\t\t\t\t\t\t\t\t<\/div>\n\t\t\t\t\t\t<\/div>\n\t\t\t\t<\/div>\n\t\t\t\t<div class=\"elementor-element elementor-element-77838a2 elementor-widget elementor-widget-vc_custom_heading\" data-id=\"77838a2\" data-element_type=\"widget\" data-e-type=\"widget\" data-widget_type=\"vc_custom_heading.default\">\n\t\t\t\t<div class=\"elementor-widget-container\">\n\t\t\t\t\t<div class=\" vc_custom_heading no_stripe consulting_heading_font  text_align_left\" ><h4 style=\"color: #222222;text-align: left;font-weight:700\" class=\"consulting-custom-title\">Vacantes abiertas\n<\/h4><\/div>\t\t\t\t<\/div>\n\t\t\t\t<\/div>\n\t\t\t\t<div class=\"elementor-element elementor-element-7783b25 elementor-widget elementor-widget-stm_vacancies\" data-id=\"7783b25\" data-element_type=\"widget\" data-e-type=\"widget\" data-widget_type=\"stm_vacancies.default\">\n\t\t\t\t<div class=\"elementor-widget-container\">\n\t\t\t\t\t    <div class=\"vacancy_table_wr consulting_elementor_vacancies style_1\">\n\n        \n            <table class=\"vacancy_table\" id=\"vacancy_table_426534299\">\n                <thead>\n                <tr>\n                    <th>Job Posting Title<\/th>\n                    <th class=\"location\">Location<\/th>\n                    <th>Department<\/th>\n                    <th>Date<\/th>\n                <\/tr>\n                <\/thead>\n                <tbody>\n\n                                    <tr>\n                        <td><a href=\"https:\/\/krom-cs.com\/es\/careers_archive\/copywriter\/\">Copywriter<\/a><\/td>\n                        <td class=\"location\">Barranquilla, Col.<\/td>\n                        <td>Marketing<\/td>\n                        <td>marzo 16, 2022<\/td>\n                    <\/tr>\n                \n                <\/tbody>\n            <\/table>\n\n        \n        <script type=\"text\/javascript\">\n            jQuery(document).ready(function ($) {\n                $(\"#vacancy_table_426534299\").tablesorter();\n            });\n        <\/script>\n    <\/div>\n\t\t\t\t<\/div>\n\t\t\t\t<\/div>\n\t\t\t\t<div class=\"elementor-element elementor-element-7783be7 elementor-widget elementor-widget-stm_spacing\" data-id=\"7783be7\" data-element_type=\"widget\" data-e-type=\"widget\" data-widget_type=\"stm_spacing.default\">\n\t\t\t\t<div class=\"elementor-widget-container\">\n\t\t\t\t\t<div class=\"stm-spacing\" id=\"stm-spacing-69ea3eda8b5b8\"><\/div>\n<script>\n    (function($){\n        \"use strict\";\n        var spacingID = 'stm-spacing-69ea3eda8b5b8',\n            lgSpacing = '0',\n            mdSpacing = '0',\n            smSpacing = '40',\n            xsSpacing = '40';\n\n        function stmSpacing() {\n            if ( window.matchMedia(\"(min-width: 1200px)\").matches && lgSpacing ) {\n                $( '#' + spacingID ).css ( \"height\", lgSpacing );\n            } else if ( window.matchMedia(\"(max-width: 1199px) and (min-width: 992px )\").matches && mdSpacing ) {\n                $( '#' + spacingID ).css ( \"height\", mdSpacing );\n            } else if ( window.matchMedia(\"(max-width: 991px) and (min-width: 768px )\").matches && smSpacing ) {\n                $( '#' + spacingID ).css ( \"height\", smSpacing );\n            } else if ( window.matchMedia(\"(max-width: 767px)\").matches && xsSpacing ) {\n                $( '#' + spacingID ).css ( \"height\", xsSpacing );\n            } else {\n                $( '#' + spacingID ).css ( \"height\", \"\" );\n            }\n        }\n\n        $(document).ready(function() {\n            stmSpacing();\n        });\n\n        $(window).resize(function() {\n            stmSpacing();\n        });\n\n    })(jQuery);\n<\/script>\t\t\t\t<\/div>\n\t\t\t\t<\/div>\n\t\t\t\t\t<\/div>\n\t\t<\/div>\n\t\t\t\t\t<\/div>\n\t\t<\/section>\n\t\t\t\t<section class=\"elementor-section elementor-top-section elementor-element elementor-element-77841c7 third_bg_color elementor-section-boxed elementor-section-height-default elementor-section-height-default\" data-id=\"77841c7\" data-element_type=\"section\" data-e-type=\"section\" data-settings=\"{&quot;background_background&quot;:&quot;classic&quot;}\">\n\t\t\t\t\t\t<div class=\"elementor-container elementor-column-gap-default\">\n\t\t\t\t\t<div class=\"elementor-column elementor-col-100 elementor-top-column elementor-element elementor-element-77846ca\" data-id=\"77846ca\" data-element_type=\"column\" data-e-type=\"column\">\n\t\t\t<div class=\"elementor-widget-wrap elementor-element-populated\">\n\t\t\t\t\t\t<div class=\"elementor-element elementor-element-7784ae7 elementor-widget elementor-widget-vc_cta\" data-id=\"7784ae7\" data-element_type=\"widget\" data-e-type=\"widget\" data-widget_type=\"vc_cta.default\">\n\t\t\t\t<div class=\"elementor-widget-container\">\n\t\t\t\t\t\n<div class=\"ce_cta ce_cta_f876566dd64d118b78f3b080140267a1 ce_text_left third_bg_color add_button_right btn_align_right btn_button_block_ btn_has_icon btn_has_icon_on_the_right\" id=\"\">\n\n    <div class=\"ce_cta__content\">\n        <div class=\"ce_cta__content__header\">\n            <h2  class='ce_cta__content__title '>\u00bfEst\u00e1 buscando un consultor de planes de negocios de primera clase?<\/h2>                    <\/div>\n\n        \n    <\/div>\n\n    \n        <div class=\"ce_cta__action\">\n            <a href=\"https:\/\/krom-cs.com\/es\/contacto\/\"\n                              target=\"_self\"\n               class=\"button \">\n                <span>Cont\u00e1ctenos <\/span>\n                                    <i class=\"fa fa-chevron-right\"><\/i>\n                            <\/a>\n        <\/div>\n\n    \n<\/div>\n\t\t\t\t<\/div>\n\t\t\t\t<\/div>\n\t\t\t\t\t<\/div>\n\t\t<\/div>\n\t\t\t\t\t<\/div>\n\t\t<\/section>\n\t\t\t\t<\/div>\n\t\t","protected":false},"excerpt":{"rendered":"<p>Impulsa tu carrera uni\u00e9ndote a nuestro equipo. KROM Consulting S.A.S. siempre est\u00e1 buscando candidatos de alto potencial interesados en trabajar con m\u00faltiples clientes, tareas y culturas. Reconocemos que el \u00e9xito de una empresa radica en su gente, con sus habilidades, compromiso y sus contribuciones. Los alentamos a desarrollarse, impulsar sus carreras y participar diariamente en<\/p>\n","protected":false},"author":1,"featured_media":0,"parent":7335,"menu_order":0,"comment_status":"closed","ping_status":"closed","template":"","meta":{"nf_dc_page":"","footnotes":""},"class_list":["post-7695","page","type-page","status-publish","hentry"],"yoast_head":"<!-- This site is optimized with the Yoast SEO Premium plugin v19.5 (Yoast SEO v27.4) - https:\/\/yoast.com\/product\/yoast-seo-premium-wordpress\/ -->\n<title>Trabaje con nosotros - KROM Consulting<\/title>\n<meta name=\"robots\" content=\"index, follow, max-snippet:-1, max-image-preview:large, max-video-preview:-1\" \/>\n<link rel=\"canonical\" href=\"https:\/\/krom-cs.com\/es\/nosotros\/trabaje-con-nosotros\/\" \/>\n<meta property=\"og:locale\" content=\"es_ES\" \/>\n<meta property=\"og:type\" content=\"article\" \/>\n<meta property=\"og:title\" content=\"Trabaje con nosotros\" \/>\n<meta property=\"og:description\" content=\"Impulsa tu carrera uni\u00e9ndote a nuestro equipo. KROM Consulting S.A.S. siempre est\u00e1 buscando candidatos de alto potencial interesados en trabajar con m\u00faltiples clientes, tareas y culturas. Reconocemos que el \u00e9xito de una empresa radica en su gente, con sus habilidades, compromiso y sus contribuciones. Los alentamos a desarrollarse, impulsar sus carreras y participar diariamente en\" \/>\n<meta property=\"og:url\" content=\"https:\/\/krom-cs.com\/es\/nosotros\/trabaje-con-nosotros\/\" \/>\n<meta property=\"og:site_name\" content=\"KROM Consulting\" \/>\n<meta property=\"article:modified_time\" content=\"2022-04-12T16:45:02+00:00\" \/>\n<meta property=\"og:image\" content=\"https:\/\/krom-cs.com\/wp-content\/uploads\/2016\/01\/KROM-boost-your-career.jpg\" \/>\n<meta name=\"twitter:card\" content=\"summary_large_image\" \/>\n<meta name=\"twitter:site\" content=\"@ConsultingKrom\" \/>\n<meta name=\"twitter:label1\" content=\"Tiempo de lectura\" \/>\n\t<meta name=\"twitter:data1\" content=\"3 minutos\" \/>\n<script type=\"application\/ld+json\" class=\"yoast-schema-graph\">{\"@context\":\"https:\\\/\\\/schema.org\",\"@graph\":[{\"@type\":\"WebPage\",\"@id\":\"https:\\\/\\\/krom-cs.com\\\/es\\\/nosotros\\\/trabaje-con-nosotros\\\/\",\"url\":\"https:\\\/\\\/krom-cs.com\\\/es\\\/nosotros\\\/trabaje-con-nosotros\\\/\",\"name\":\"Trabaje con nosotros - KROM Consulting\",\"isPartOf\":{\"@id\":\"https:\\\/\\\/krom-cs.com\\\/#website\"},\"primaryImageOfPage\":{\"@id\":\"https:\\\/\\\/krom-cs.com\\\/es\\\/nosotros\\\/trabaje-con-nosotros\\\/#primaryimage\"},\"image\":{\"@id\":\"https:\\\/\\\/krom-cs.com\\\/es\\\/nosotros\\\/trabaje-con-nosotros\\\/#primaryimage\"},\"thumbnailUrl\":\"https:\\\/\\\/krom-cs.com\\\/wp-content\\\/uploads\\\/2016\\\/01\\\/KROM-boost-your-career.jpg\",\"datePublished\":\"2016-01-07T14:31:53+00:00\",\"dateModified\":\"2022-04-12T16:45:02+00:00\",\"breadcrumb\":{\"@id\":\"https:\\\/\\\/krom-cs.com\\\/es\\\/nosotros\\\/trabaje-con-nosotros\\\/#breadcrumb\"},\"inLanguage\":\"es\",\"potentialAction\":[{\"@type\":\"ReadAction\",\"target\":[\"https:\\\/\\\/krom-cs.com\\\/es\\\/nosotros\\\/trabaje-con-nosotros\\\/\"]}]},{\"@type\":\"ImageObject\",\"inLanguage\":\"es\",\"@id\":\"https:\\\/\\\/krom-cs.com\\\/es\\\/nosotros\\\/trabaje-con-nosotros\\\/#primaryimage\",\"url\":\"https:\\\/\\\/krom-cs.com\\\/wp-content\\\/uploads\\\/2016\\\/01\\\/KROM-boost-your-career.jpg\",\"contentUrl\":\"https:\\\/\\\/krom-cs.com\\\/wp-content\\\/uploads\\\/2016\\\/01\\\/KROM-boost-your-career.jpg\"},{\"@type\":\"BreadcrumbList\",\"@id\":\"https:\\\/\\\/krom-cs.com\\\/es\\\/nosotros\\\/trabaje-con-nosotros\\\/#breadcrumb\",\"itemListElement\":[{\"@type\":\"ListItem\",\"position\":1,\"name\":\"Home\",\"item\":\"https:\\\/\\\/krom-cs.com\\\/\"},{\"@type\":\"ListItem\",\"position\":2,\"name\":\"Nosotros\",\"item\":\"https:\\\/\\\/krom-cs.com\\\/es\\\/nosotros\\\/\"},{\"@type\":\"ListItem\",\"position\":3,\"name\":\"Trabaje con nosotros\"}]},{\"@type\":\"WebSite\",\"@id\":\"https:\\\/\\\/krom-cs.com\\\/#website\",\"url\":\"https:\\\/\\\/krom-cs.com\\\/\",\"name\":\"KROM Consulting\",\"description\":\"Bring Value to your Organization Meeting your Objectives\",\"publisher\":{\"@id\":\"https:\\\/\\\/krom-cs.com\\\/#organization\"},\"potentialAction\":[{\"@type\":\"SearchAction\",\"target\":{\"@type\":\"EntryPoint\",\"urlTemplate\":\"https:\\\/\\\/krom-cs.com\\\/?s={search_term_string}\"},\"query-input\":{\"@type\":\"PropertyValueSpecification\",\"valueRequired\":true,\"valueName\":\"search_term_string\"}}],\"inLanguage\":\"es\"},{\"@type\":\"Organization\",\"@id\":\"https:\\\/\\\/krom-cs.com\\\/#organization\",\"name\":\"KROM Consulting\",\"url\":\"https:\\\/\\\/krom-cs.com\\\/\",\"logo\":{\"@type\":\"ImageObject\",\"inLanguage\":\"es\",\"@id\":\"https:\\\/\\\/krom-cs.com\\\/#\\\/schema\\\/logo\\\/image\\\/\",\"url\":\"https:\\\/\\\/krom-cs.com\\\/wp-content\\\/uploads\\\/2022\\\/03\\\/logo_200.png\",\"contentUrl\":\"https:\\\/\\\/krom-cs.com\\\/wp-content\\\/uploads\\\/2022\\\/03\\\/logo_200.png\",\"width\":821,\"height\":200,\"caption\":\"KROM Consulting\"},\"image\":{\"@id\":\"https:\\\/\\\/krom-cs.com\\\/#\\\/schema\\\/logo\\\/image\\\/\"},\"sameAs\":[\"https:\\\/\\\/x.com\\\/ConsultingKrom\",\"https:\\\/\\\/www.linkedin.com\\\/company\\\/krom\\\/\"]}]}<\/script>\n<!-- \/ Yoast SEO Premium plugin. -->","yoast_head_json":{"title":"Trabaje con nosotros - KROM Consulting","robots":{"index":"index","follow":"follow","max-snippet":"max-snippet:-1","max-image-preview":"max-image-preview:large","max-video-preview":"max-video-preview:-1"},"canonical":"https:\/\/krom-cs.com\/es\/nosotros\/trabaje-con-nosotros\/","og_locale":"es_ES","og_type":"article","og_title":"Trabaje con nosotros","og_description":"Impulsa tu carrera uni\u00e9ndote a nuestro equipo. KROM Consulting S.A.S. siempre est\u00e1 buscando candidatos de alto potencial interesados en trabajar con m\u00faltiples clientes, tareas y culturas. Reconocemos que el \u00e9xito de una empresa radica en su gente, con sus habilidades, compromiso y sus contribuciones. Los alentamos a desarrollarse, impulsar sus carreras y participar diariamente en","og_url":"https:\/\/krom-cs.com\/es\/nosotros\/trabaje-con-nosotros\/","og_site_name":"KROM Consulting","article_modified_time":"2022-04-12T16:45:02+00:00","og_image":[{"url":"https:\/\/krom-cs.com\/wp-content\/uploads\/2016\/01\/KROM-boost-your-career.jpg","type":"","width":"","height":""}],"twitter_card":"summary_large_image","twitter_site":"@ConsultingKrom","twitter_misc":{"Tiempo de lectura":"3 minutos"},"schema":{"@context":"https:\/\/schema.org","@graph":[{"@type":"WebPage","@id":"https:\/\/krom-cs.com\/es\/nosotros\/trabaje-con-nosotros\/","url":"https:\/\/krom-cs.com\/es\/nosotros\/trabaje-con-nosotros\/","name":"Trabaje con nosotros - KROM Consulting","isPartOf":{"@id":"https:\/\/krom-cs.com\/#website"},"primaryImageOfPage":{"@id":"https:\/\/krom-cs.com\/es\/nosotros\/trabaje-con-nosotros\/#primaryimage"},"image":{"@id":"https:\/\/krom-cs.com\/es\/nosotros\/trabaje-con-nosotros\/#primaryimage"},"thumbnailUrl":"https:\/\/krom-cs.com\/wp-content\/uploads\/2016\/01\/KROM-boost-your-career.jpg","datePublished":"2016-01-07T14:31:53+00:00","dateModified":"2022-04-12T16:45:02+00:00","breadcrumb":{"@id":"https:\/\/krom-cs.com\/es\/nosotros\/trabaje-con-nosotros\/#breadcrumb"},"inLanguage":"es","potentialAction":[{"@type":"ReadAction","target":["https:\/\/krom-cs.com\/es\/nosotros\/trabaje-con-nosotros\/"]}]},{"@type":"ImageObject","inLanguage":"es","@id":"https:\/\/krom-cs.com\/es\/nosotros\/trabaje-con-nosotros\/#primaryimage","url":"https:\/\/krom-cs.com\/wp-content\/uploads\/2016\/01\/KROM-boost-your-career.jpg","contentUrl":"https:\/\/krom-cs.com\/wp-content\/uploads\/2016\/01\/KROM-boost-your-career.jpg"},{"@type":"BreadcrumbList","@id":"https:\/\/krom-cs.com\/es\/nosotros\/trabaje-con-nosotros\/#breadcrumb","itemListElement":[{"@type":"ListItem","position":1,"name":"Home","item":"https:\/\/krom-cs.com\/"},{"@type":"ListItem","position":2,"name":"Nosotros","item":"https:\/\/krom-cs.com\/es\/nosotros\/"},{"@type":"ListItem","position":3,"name":"Trabaje con nosotros"}]},{"@type":"WebSite","@id":"https:\/\/krom-cs.com\/#website","url":"https:\/\/krom-cs.com\/","name":"KROM Consulting","description":"Bring Value to your Organization Meeting your Objectives","publisher":{"@id":"https:\/\/krom-cs.com\/#organization"},"potentialAction":[{"@type":"SearchAction","target":{"@type":"EntryPoint","urlTemplate":"https:\/\/krom-cs.com\/?s={search_term_string}"},"query-input":{"@type":"PropertyValueSpecification","valueRequired":true,"valueName":"search_term_string"}}],"inLanguage":"es"},{"@type":"Organization","@id":"https:\/\/krom-cs.com\/#organization","name":"KROM Consulting","url":"https:\/\/krom-cs.com\/","logo":{"@type":"ImageObject","inLanguage":"es","@id":"https:\/\/krom-cs.com\/#\/schema\/logo\/image\/","url":"https:\/\/krom-cs.com\/wp-content\/uploads\/2022\/03\/logo_200.png","contentUrl":"https:\/\/krom-cs.com\/wp-content\/uploads\/2022\/03\/logo_200.png","width":821,"height":200,"caption":"KROM Consulting"},"image":{"@id":"https:\/\/krom-cs.com\/#\/schema\/logo\/image\/"},"sameAs":["https:\/\/x.com\/ConsultingKrom","https:\/\/www.linkedin.com\/company\/krom\/"]}]}},"_links":{"self":[{"href":"https:\/\/krom-cs.com\/es\/wp-json\/wp\/v2\/pages\/7695","targetHints":{"allow":["GET"]}}],"collection":[{"href":"https:\/\/krom-cs.com\/es\/wp-json\/wp\/v2\/pages"}],"about":[{"href":"https:\/\/krom-cs.com\/es\/wp-json\/wp\/v2\/types\/page"}],"author":[{"embeddable":true,"href":"https:\/\/krom-cs.com\/es\/wp-json\/wp\/v2\/users\/1"}],"replies":[{"embeddable":true,"href":"https:\/\/krom-cs.com\/es\/wp-json\/wp\/v2\/comments?post=7695"}],"version-history":[{"count":0,"href":"https:\/\/krom-cs.com\/es\/wp-json\/wp\/v2\/pages\/7695\/revisions"}],"up":[{"embeddable":true,"href":"https:\/\/krom-cs.com\/es\/wp-json\/wp\/v2\/pages\/7335"}],"wp:attachment":[{"href":"https:\/\/krom-cs.com\/es\/wp-json\/wp\/v2\/media?parent=7695"}],"curies":[{"name":"wp","href":"https:\/\/api.w.org\/{rel}","templated":true}]}}