{"id":7432,"date":"2015-12-15T07:37:19","date_gmt":"2015-12-15T12:37:19","guid":{"rendered":"https:\/\/krom-cs.com\/?page_id=7432"},"modified":"2022-04-05T15:26:07","modified_gmt":"2022-04-05T20:26:07","slug":"noticias","status":"publish","type":"page","link":"https:\/\/krom-cs.com\/es\/noticias\/","title":{"rendered":"Noticias"},"content":{"rendered":"\t\t<div data-elementor-type=\"wp-page\" data-elementor-id=\"7432\" class=\"elementor elementor-7432 elementor-3801\">\n\t\t\t\t\t\t<section class=\"elementor-section elementor-top-section elementor-element elementor-element-442b274 elementor-section-boxed elementor-section-height-default elementor-section-height-default\" data-id=\"442b274\" data-element_type=\"section\" data-e-type=\"section\">\n\t\t\t\t\t\t<div class=\"elementor-container elementor-column-gap-default\">\n\t\t\t\t\t<div class=\"elementor-column elementor-col-100 elementor-top-column elementor-element elementor-element-7d91d7c\" data-id=\"7d91d7c\" data-element_type=\"column\" data-e-type=\"column\">\n\t\t\t<div class=\"elementor-widget-wrap elementor-element-populated\">\n\t\t\t\t\t\t<div class=\"elementor-element elementor-element-62a7bd9 elementor-widget elementor-widget-stm_news\" data-id=\"62a7bd9\" data-element_type=\"widget\" data-e-type=\"widget\" data-widget_type=\"stm_news.default\">\n\t\t\t\t<div class=\"elementor-widget-container\">\n\t\t\t\t\t\n\n    <div class=\"stm_news  consulting_elementor_posts\">\n        <ul class=\"news_list posts_per_row_3\">\n\n            \n                <li>\n                    <div class=\"post_inner\">\n                                                                                                                        <div class=\"image\">\n                                        <a href=\"https:\/\/krom-cs.com\/es\/diversificacion-global-de-la-oferta\/\">\n                                            <img src='https:\/\/krom-cs.com\/wp-content\/uploads\/2020\/03\/arton-350x250.jpg' alt='' \/>                                        <\/a>\n                                    <\/div>\n                                                                                                                        <div class=\"stm_news_unit-block\">\n                                    <h5 class=\"no_stripe\"><a href=\"https:\/\/krom-cs.com\/es\/diversificacion-global-de-la-oferta\/\">Diversificaci\u00f3n global de la oferta<\/a>\n                                    <\/h5>\n\n                                                                            <div class=\"stm_the_excerpt\">\n                                            <p>El brote actual de coronavirus (COVID-19) no solo est\u00e1 arriesgando la vida de la humanidad, sino tambi\u00e9n la econom\u00eda global, espec\u00edficamente la cadena de suministro. Aunque buscar un solo proveedor puede parecer la estrategia m\u00e1s viable para muchas empresas, hoy en d\u00eda, el abastecimiento m\u00faltiple es la forma m\u00e1s inteligente de hacer negocios. No podemos<\/p>\n                                        <\/div>\n                                                                                                                <div class=\"date\">\n                                                                                            <span class=\"the_date\">abril 17, 2020<\/span>\n                                                                                                                                    <a href=\"https:\/\/krom-cs.com\/es\/diversificacion-global-de-la-oferta\/\"\n                                               class=\"button size-lg hidden\">Read more<\/a>\n                                        <\/div>\n                                                                    <\/div>\n                                                                        <\/div>\n                <\/li>\n            \n                <li>\n                    <div class=\"post_inner\">\n                                                                                                                        <div class=\"image\">\n                                        <a href=\"https:\/\/krom-cs.com\/es\/optimizacion-de-costos\/\">\n                                            <img src='https:\/\/krom-cs.com\/wp-content\/uploads\/2016\/01\/wLjehA3WxU44tH2mjo2o-1110x550-1-350x250.jpg' alt='' \/>                                        <\/a>\n                                    <\/div>\n                                                                                                                        <div class=\"stm_news_unit-block\">\n                                    <h5 class=\"no_stripe\"><a href=\"https:\/\/krom-cs.com\/es\/optimizacion-de-costos\/\">Optimizaci\u00f3n de costos<\/a>\n                                    <\/h5>\n\n                                                                            <div class=\"stm_the_excerpt\">\n                                            <p>La reciente crisis global de la salud, Coronavirus (COVID-19), que ya ha acabado con miles de vidas alrededor del mundo, no solo est\u00e1 afectando a la humanidad, sino que est\u00e1 destruyendo la econom\u00eda mundial. Los especialistas lo han estado comparando con la crisis financiera mundial de 2008-09. El virus ya ha afectado dr\u00e1sticamente a algunas<\/p>\n                                        <\/div>\n                                                                                                                <div class=\"date\">\n                                                                                            <span class=\"the_date\">marzo 27, 2020<\/span>\n                                                                                                                                    <a href=\"https:\/\/krom-cs.com\/es\/optimizacion-de-costos\/\"\n                                               class=\"button size-lg hidden\">Read more<\/a>\n                                        <\/div>\n                                                                    <\/div>\n                                                                        <\/div>\n                <\/li>\n                    <\/ul>\n    <\/div>\n\t\t\t\t<\/div>\n\t\t\t\t<\/div>\n\t\t\t\t\t<\/div>\n\t\t<\/div>\n\t\t\t\t\t<\/div>\n\t\t<\/section>\n\t\t\t\t<\/div>\n\t\t","protected":false},"excerpt":{"rendered":"<p>Diversificaci\u00f3n global de la oferta El brote actual de coronavirus (COVID-19) no solo est\u00e1 arriesgando la vida de la humanidad, sino tambi\u00e9n la econom\u00eda global, espec\u00edficamente la cadena de suministro. Aunque buscar un solo proveedor puede parecer la estrategia m\u00e1s viable para muchas empresas, hoy en d\u00eda, el abastecimiento m\u00faltiple es la forma m\u00e1s inteligente<\/p>\n","protected":false},"author":1,"featured_media":0,"parent":0,"menu_order":0,"comment_status":"closed","ping_status":"closed","template":"","meta":{"nf_dc_page":"","footnotes":""},"class_list":["post-7432","page","type-page","status-publish","hentry"],"yoast_head":"<!-- This site is optimized with the Yoast SEO Premium plugin v19.5 (Yoast SEO v27.4) - https:\/\/yoast.com\/product\/yoast-seo-premium-wordpress\/ -->\n<title>Noticias - KROM Consulting<\/title>\n<meta name=\"robots\" content=\"index, follow, max-snippet:-1, max-image-preview:large, max-video-preview:-1\" \/>\n<link rel=\"canonical\" href=\"https:\/\/krom-cs.com\/es\/noticias\/\" \/>\n<meta property=\"og:locale\" content=\"es_ES\" \/>\n<meta property=\"og:type\" content=\"article\" \/>\n<meta property=\"og:title\" content=\"Noticias\" \/>\n<meta property=\"og:description\" content=\"Diversificaci\u00f3n global de la oferta El brote actual de coronavirus (COVID-19) no solo est\u00e1 arriesgando la vida de la humanidad, sino tambi\u00e9n la econom\u00eda global, espec\u00edficamente la cadena de suministro. Aunque buscar un solo proveedor puede parecer la estrategia m\u00e1s viable para muchas empresas, hoy en d\u00eda, el abastecimiento m\u00faltiple es la forma m\u00e1s inteligente\" \/>\n<meta property=\"og:url\" content=\"https:\/\/krom-cs.com\/es\/noticias\/\" \/>\n<meta property=\"og:site_name\" content=\"KROM Consulting\" \/>\n<meta property=\"article:modified_time\" content=\"2022-04-05T20:26:07+00:00\" \/>\n<meta property=\"og:image\" content=\"https:\/\/krom-cs.com\/wp-content\/uploads\/2016\/01\/wLjehA3WxU44tH2mjo2o-1110x550-1-350x250.jpg\" \/>\n<meta name=\"twitter:card\" content=\"summary_large_image\" \/>\n<meta name=\"twitter:site\" content=\"@ConsultingKrom\" \/>\n<meta name=\"twitter:label1\" content=\"Tiempo de lectura\" \/>\n\t<meta name=\"twitter:data1\" content=\"1 minuto\" \/>\n<script type=\"application\/ld+json\" class=\"yoast-schema-graph\">{\"@context\":\"https:\\\/\\\/schema.org\",\"@graph\":[{\"@type\":\"WebPage\",\"@id\":\"https:\\\/\\\/krom-cs.com\\\/es\\\/noticias\\\/\",\"url\":\"https:\\\/\\\/krom-cs.com\\\/es\\\/noticias\\\/\",\"name\":\"Noticias - KROM Consulting\",\"isPartOf\":{\"@id\":\"https:\\\/\\\/krom-cs.com\\\/#website\"},\"primaryImageOfPage\":{\"@id\":\"https:\\\/\\\/krom-cs.com\\\/es\\\/noticias\\\/#primaryimage\"},\"image\":{\"@id\":\"https:\\\/\\\/krom-cs.com\\\/es\\\/noticias\\\/#primaryimage\"},\"thumbnailUrl\":\"https:\\\/\\\/krom-cs.com\\\/wp-content\\\/uploads\\\/2016\\\/01\\\/wLjehA3WxU44tH2mjo2o-1110x550-1-350x250.jpg\",\"datePublished\":\"2015-12-15T12:37:19+00:00\",\"dateModified\":\"2022-04-05T20:26:07+00:00\",\"breadcrumb\":{\"@id\":\"https:\\\/\\\/krom-cs.com\\\/es\\\/noticias\\\/#breadcrumb\"},\"inLanguage\":\"es\",\"potentialAction\":[{\"@type\":\"ReadAction\",\"target\":[\"https:\\\/\\\/krom-cs.com\\\/es\\\/noticias\\\/\"]}]},{\"@type\":\"ImageObject\",\"inLanguage\":\"es\",\"@id\":\"https:\\\/\\\/krom-cs.com\\\/es\\\/noticias\\\/#primaryimage\",\"url\":\"https:\\\/\\\/krom-cs.com\\\/wp-content\\\/uploads\\\/2016\\\/01\\\/wLjehA3WxU44tH2mjo2o-1110x550-1-350x250.jpg\",\"contentUrl\":\"https:\\\/\\\/krom-cs.com\\\/wp-content\\\/uploads\\\/2016\\\/01\\\/wLjehA3WxU44tH2mjo2o-1110x550-1-350x250.jpg\"},{\"@type\":\"BreadcrumbList\",\"@id\":\"https:\\\/\\\/krom-cs.com\\\/es\\\/noticias\\\/#breadcrumb\",\"itemListElement\":[{\"@type\":\"ListItem\",\"position\":1,\"name\":\"Home\",\"item\":\"https:\\\/\\\/krom-cs.com\\\/\"},{\"@type\":\"ListItem\",\"position\":2,\"name\":\"Noticias\"}]},{\"@type\":\"WebSite\",\"@id\":\"https:\\\/\\\/krom-cs.com\\\/#website\",\"url\":\"https:\\\/\\\/krom-cs.com\\\/\",\"name\":\"KROM Consulting\",\"description\":\"Bring Value to your Organization Meeting your Objectives\",\"publisher\":{\"@id\":\"https:\\\/\\\/krom-cs.com\\\/#organization\"},\"potentialAction\":[{\"@type\":\"SearchAction\",\"target\":{\"@type\":\"EntryPoint\",\"urlTemplate\":\"https:\\\/\\\/krom-cs.com\\\/?s={search_term_string}\"},\"query-input\":{\"@type\":\"PropertyValueSpecification\",\"valueRequired\":true,\"valueName\":\"search_term_string\"}}],\"inLanguage\":\"es\"},{\"@type\":\"Organization\",\"@id\":\"https:\\\/\\\/krom-cs.com\\\/#organization\",\"name\":\"KROM Consulting\",\"url\":\"https:\\\/\\\/krom-cs.com\\\/\",\"logo\":{\"@type\":\"ImageObject\",\"inLanguage\":\"es\",\"@id\":\"https:\\\/\\\/krom-cs.com\\\/#\\\/schema\\\/logo\\\/image\\\/\",\"url\":\"https:\\\/\\\/krom-cs.com\\\/wp-content\\\/uploads\\\/2022\\\/03\\\/logo_200.png\",\"contentUrl\":\"https:\\\/\\\/krom-cs.com\\\/wp-content\\\/uploads\\\/2022\\\/03\\\/logo_200.png\",\"width\":821,\"height\":200,\"caption\":\"KROM Consulting\"},\"image\":{\"@id\":\"https:\\\/\\\/krom-cs.com\\\/#\\\/schema\\\/logo\\\/image\\\/\"},\"sameAs\":[\"https:\\\/\\\/x.com\\\/ConsultingKrom\",\"https:\\\/\\\/www.linkedin.com\\\/company\\\/krom\\\/\"]}]}<\/script>\n<!-- \/ Yoast SEO Premium plugin. -->","yoast_head_json":{"title":"Noticias - KROM Consulting","robots":{"index":"index","follow":"follow","max-snippet":"max-snippet:-1","max-image-preview":"max-image-preview:large","max-video-preview":"max-video-preview:-1"},"canonical":"https:\/\/krom-cs.com\/es\/noticias\/","og_locale":"es_ES","og_type":"article","og_title":"Noticias","og_description":"Diversificaci\u00f3n global de la oferta El brote actual de coronavirus (COVID-19) no solo est\u00e1 arriesgando la vida de la humanidad, sino tambi\u00e9n la econom\u00eda global, espec\u00edficamente la cadena de suministro. Aunque buscar un solo proveedor puede parecer la estrategia m\u00e1s viable para muchas empresas, hoy en d\u00eda, el abastecimiento m\u00faltiple es la forma m\u00e1s inteligente","og_url":"https:\/\/krom-cs.com\/es\/noticias\/","og_site_name":"KROM Consulting","article_modified_time":"2022-04-05T20:26:07+00:00","og_image":[{"url":"https:\/\/krom-cs.com\/wp-content\/uploads\/2016\/01\/wLjehA3WxU44tH2mjo2o-1110x550-1-350x250.jpg","type":"","width":"","height":""}],"twitter_card":"summary_large_image","twitter_site":"@ConsultingKrom","twitter_misc":{"Tiempo de lectura":"1 minuto"},"schema":{"@context":"https:\/\/schema.org","@graph":[{"@type":"WebPage","@id":"https:\/\/krom-cs.com\/es\/noticias\/","url":"https:\/\/krom-cs.com\/es\/noticias\/","name":"Noticias - KROM Consulting","isPartOf":{"@id":"https:\/\/krom-cs.com\/#website"},"primaryImageOfPage":{"@id":"https:\/\/krom-cs.com\/es\/noticias\/#primaryimage"},"image":{"@id":"https:\/\/krom-cs.com\/es\/noticias\/#primaryimage"},"thumbnailUrl":"https:\/\/krom-cs.com\/wp-content\/uploads\/2016\/01\/wLjehA3WxU44tH2mjo2o-1110x550-1-350x250.jpg","datePublished":"2015-12-15T12:37:19+00:00","dateModified":"2022-04-05T20:26:07+00:00","breadcrumb":{"@id":"https:\/\/krom-cs.com\/es\/noticias\/#breadcrumb"},"inLanguage":"es","potentialAction":[{"@type":"ReadAction","target":["https:\/\/krom-cs.com\/es\/noticias\/"]}]},{"@type":"ImageObject","inLanguage":"es","@id":"https:\/\/krom-cs.com\/es\/noticias\/#primaryimage","url":"https:\/\/krom-cs.com\/wp-content\/uploads\/2016\/01\/wLjehA3WxU44tH2mjo2o-1110x550-1-350x250.jpg","contentUrl":"https:\/\/krom-cs.com\/wp-content\/uploads\/2016\/01\/wLjehA3WxU44tH2mjo2o-1110x550-1-350x250.jpg"},{"@type":"BreadcrumbList","@id":"https:\/\/krom-cs.com\/es\/noticias\/#breadcrumb","itemListElement":[{"@type":"ListItem","position":1,"name":"Home","item":"https:\/\/krom-cs.com\/"},{"@type":"ListItem","position":2,"name":"Noticias"}]},{"@type":"WebSite","@id":"https:\/\/krom-cs.com\/#website","url":"https:\/\/krom-cs.com\/","name":"KROM Consulting","description":"Bring Value to your Organization Meeting your Objectives","publisher":{"@id":"https:\/\/krom-cs.com\/#organization"},"potentialAction":[{"@type":"SearchAction","target":{"@type":"EntryPoint","urlTemplate":"https:\/\/krom-cs.com\/?s={search_term_string}"},"query-input":{"@type":"PropertyValueSpecification","valueRequired":true,"valueName":"search_term_string"}}],"inLanguage":"es"},{"@type":"Organization","@id":"https:\/\/krom-cs.com\/#organization","name":"KROM Consulting","url":"https:\/\/krom-cs.com\/","logo":{"@type":"ImageObject","inLanguage":"es","@id":"https:\/\/krom-cs.com\/#\/schema\/logo\/image\/","url":"https:\/\/krom-cs.com\/wp-content\/uploads\/2022\/03\/logo_200.png","contentUrl":"https:\/\/krom-cs.com\/wp-content\/uploads\/2022\/03\/logo_200.png","width":821,"height":200,"caption":"KROM Consulting"},"image":{"@id":"https:\/\/krom-cs.com\/#\/schema\/logo\/image\/"},"sameAs":["https:\/\/x.com\/ConsultingKrom","https:\/\/www.linkedin.com\/company\/krom\/"]}]}},"_links":{"self":[{"href":"https:\/\/krom-cs.com\/es\/wp-json\/wp\/v2\/pages\/7432","targetHints":{"allow":["GET"]}}],"collection":[{"href":"https:\/\/krom-cs.com\/es\/wp-json\/wp\/v2\/pages"}],"about":[{"href":"https:\/\/krom-cs.com\/es\/wp-json\/wp\/v2\/types\/page"}],"author":[{"embeddable":true,"href":"https:\/\/krom-cs.com\/es\/wp-json\/wp\/v2\/users\/1"}],"replies":[{"embeddable":true,"href":"https:\/\/krom-cs.com\/es\/wp-json\/wp\/v2\/comments?post=7432"}],"version-history":[{"count":0,"href":"https:\/\/krom-cs.com\/es\/wp-json\/wp\/v2\/pages\/7432\/revisions"}],"wp:attachment":[{"href":"https:\/\/krom-cs.com\/es\/wp-json\/wp\/v2\/media?parent=7432"}],"curies":[{"name":"wp","href":"https:\/\/api.w.org\/{rel}","templated":true}]}}