{"id":7423,"date":"2016-01-19T10:18:33","date_gmt":"2016-01-19T15:18:33","guid":{"rendered":"https:\/\/krom-cs.com\/?page_id=7423"},"modified":"2022-04-12T11:32:57","modified_gmt":"2022-04-12T16:32:57","slug":"industrias","status":"publish","type":"page","link":"https:\/\/krom-cs.com\/es\/industrias\/","title":{"rendered":"Industrias"},"content":{"rendered":"\t\t<div data-elementor-type=\"wp-page\" data-elementor-id=\"7423\" class=\"elementor elementor-7423 elementor-601\">\n\t\t\t\t\t\t<section class=\"elementor-section elementor-top-section elementor-element elementor-element-45e384d elementor-section-boxed elementor-section-height-default elementor-section-height-default\" data-id=\"45e384d\" data-element_type=\"section\" data-e-type=\"section\" data-settings=\"{&quot;background_background&quot;:&quot;classic&quot;}\">\n\t\t\t\t\t\t<div class=\"elementor-container elementor-column-gap-default\">\n\t\t\t\t\t<div class=\"elementor-column elementor-col-100 elementor-top-column elementor-element elementor-element-45e3cd8\" data-id=\"45e3cd8\" data-element_type=\"column\" data-e-type=\"column\">\n\t\t\t<div class=\"elementor-widget-wrap elementor-element-populated\">\n\t\t\t\t\t\t<div class=\"elementor-element elementor-element-38a9010 elementor-widget elementor-widget-text-editor\" data-id=\"38a9010\" data-element_type=\"widget\" data-e-type=\"widget\" data-widget_type=\"text-editor.default\">\n\t\t\t\t<div class=\"elementor-widget-container\">\n\t\t\t\t\t\t\t\t\t<p><strong><span class=\"subtitle\">Una gama de habilidades a su disposici\u00f3n.<br \/><\/span><\/strong><\/p>\n<p>Nuestro objetivo es proporcionar diferentes habilidades, visiones y personalidades para ofrecer un enfoque global y diversificado con el fin de aportar valor a su organizaci\u00f3n. KROM se dirige a muchas industrias y ofrece soluciones innovadoras para alcanzar sus objetivos.<\/p>\n\t\t\t\t\t\t\t\t<\/div>\n\t\t\t\t<\/div>\n\t\t\t\t<div class=\"elementor-element elementor-element-41ce71c elementor-widget elementor-widget-spacer\" data-id=\"41ce71c\" data-element_type=\"widget\" data-e-type=\"widget\" data-widget_type=\"spacer.default\">\n\t\t\t\t<div class=\"elementor-widget-container\">\n\t\t\t\t\t\t\t<div class=\"elementor-spacer\">\n\t\t\t<div class=\"elementor-spacer-inner\"><\/div>\n\t\t<\/div>\n\t\t\t\t\t\t<\/div>\n\t\t\t\t<\/div>\n\t\t\t\t<div class=\"elementor-element elementor-element-45e4031 elementor-widget elementor-widget-stm_works\" data-id=\"45e4031\" data-element_type=\"widget\" data-e-type=\"widget\" data-widget_type=\"stm_works.default\">\n\t\t\t\t<div class=\"elementor-widget-container\">\n\t\t\t\t\t\n\n    <div id=\"stm_works_69ea3cc0000b5\" class=\"stm_works_wr consulting_elementor_works cols_3 grid style_1\">\n\n        <div class=\"stm_works clearfix\">\n                                            <div class=\"item\">\n                    <div class=\"item_wr\">\n                        <img src='https:\/\/krom-cs.com\/wp-content\/uploads\/2016\/01\/KROM-Energy.jpg' alt='' \/>\n                                                    <div class=\"title\">Energ\u00eda<\/div>\n                                                        <a class=\"link\" href=\"https:\/\/krom-cs.com\/es\/works\/energia\/\"><\/a>\n                                            <\/div>\n                <\/div>\n                                            <div class=\"item\">\n                    <div class=\"item_wr\">\n                        <img src='https:\/\/krom-cs.com\/wp-content\/uploads\/2016\/01\/KROM-Technology.jpg' alt='' \/>\n                                                    <div class=\"title\">Tecnolog\u00eda<\/div>\n                                                        <a class=\"link\" href=\"https:\/\/krom-cs.com\/es\/works\/tecnologia\/\"><\/a>\n                                            <\/div>\n                <\/div>\n                                            <div class=\"item\">\n                    <div class=\"item_wr\">\n                        <img src='https:\/\/krom-cs.com\/wp-content\/uploads\/2016\/01\/KROM-Engineering.jpg' alt='' \/>\n                                                    <div class=\"title\">Ingenier\u00eda<\/div>\n                                                        <a class=\"link\" href=\"https:\/\/krom-cs.com\/es\/works\/ingenieria\/\"><\/a>\n                                            <\/div>\n                <\/div>\n                                            <div class=\"item\">\n                    <div class=\"item_wr\">\n                        <img src='https:\/\/krom-cs.com\/wp-content\/uploads\/2016\/01\/KROM-Manufacturing.jpg' alt='' \/>\n                                                    <div class=\"title\">Manufactura<\/div>\n                                                        <a class=\"link\" href=\"https:\/\/krom-cs.com\/es\/works\/manufactura\/\"><\/a>\n                                            <\/div>\n                <\/div>\n                                            <div class=\"item\">\n                    <div class=\"item_wr\">\n                        <img src='https:\/\/krom-cs.com\/wp-content\/uploads\/2016\/01\/KROM-logistic.jpg' alt='' \/>\n                                                    <div class=\"title\">Transporte y Log\u00edstica<\/div>\n                                                        <a class=\"link\" href=\"https:\/\/krom-cs.com\/es\/works\/transporte-y-logistica\/\"><\/a>\n                                            <\/div>\n                <\/div>\n                                            <div class=\"item\">\n                    <div class=\"item_wr\">\n                        <img src='https:\/\/krom-cs.com\/wp-content\/uploads\/2016\/01\/KROM-retail.jpg' alt='' \/>\n                                                    <div class=\"title\">Retail<\/div>\n                                                        <a class=\"link\" href=\"https:\/\/krom-cs.com\/es\/works\/retail\/\"><\/a>\n                                            <\/div>\n                <\/div>\n                                            <div class=\"item\">\n                    <div class=\"item_wr\">\n                        <img src='https:\/\/krom-cs.com\/wp-content\/uploads\/2016\/01\/KROM-Public-sector.jpg' alt='' \/>\n                                                    <div class=\"title\">Sector p\u00fablico<\/div>\n                                                        <a class=\"link\" href=\"https:\/\/krom-cs.com\/es\/works\/sector-publico\/\"><\/a>\n                                            <\/div>\n                <\/div>\n                                            <div class=\"item\">\n                    <div class=\"item_wr\">\n                        <img src='https:\/\/krom-cs.com\/wp-content\/uploads\/2016\/01\/KROM-bank-and-insurance.jpg' alt='' \/>\n                                                    <div class=\"title\">Banco y Seguros<\/div>\n                                                        <a class=\"link\" href=\"https:\/\/krom-cs.com\/es\/works\/banco-y-seguros\/\"><\/a>\n                                            <\/div>\n                <\/div>\n                                            <div class=\"item\">\n                    <div class=\"item_wr\">\n                        <img src='https:\/\/krom-cs.com\/wp-content\/uploads\/2016\/01\/KROM-other.jpg' alt='' \/>\n                                                    <div class=\"title\">Otros<\/div>\n                                                        <a class=\"link\" href=\"https:\/\/krom-cs.com\/es\/works\/otros\/\"><\/a>\n                                            <\/div>\n                <\/div>\n                    <\/div>\n\n        <script type=\"text\/javascript\">\n            jQuery(document).ready(function ($) {\n                var $container = $(\"#stm_works_69ea3cc0000b5 .stm_works\");\n                var originLeft = true;\n                if ($('body').hasClass('rtl')) {\n                    originLeft = false;\n                }\n                $container.isotope({\n                    layoutMode: 'fitRows',\n                    itemSelector: '.item',\n                    transitionDuration: '0.7s',\n                    isOriginLeft: originLeft,\n                                    });\n                $container.imagesLoaded().progress(function () {\n                    $container.isotope('layout');\n                });\n                $container.isotope('layout');\n                $('#stm_works_69ea3cc0000b5 .works_filter a').on('click', function () {\n                    var i = 0;\n                    if (!$(this).hasClass(\"stm_works_grid_switcher\")) {\n\n                        $(this).closest('ul').find('li.active').removeClass('active');\n                        $(this).parent().addClass('active');\n                        var sort = $(this).attr('href');\n                        sort = sort.substring(1);\n                                                $container.isotope({\n                            filter: '.' + sort\n                        });\n                                                return false;\n                    }\n                });\n                $(document).on('click', '.stm_works_grid_switcher', function () {\n                    $(this).toggleClass('active');\n                    var $container_wrapper = $(this).closest('.stm_works_wr');\n                    if ($('body').hasClass('boxed_layout')) {\n                        $container_wrapper.toggleClass('wide');\n                    } else {\n                        $container_wrapper.toggleClass('wide container');\n                    }\n                    \/\/$container_wrapper.find('.stm_works_grid_switcher').closest('.works_filter').toggleClass('container');\n                    $container.isotope('layout');\n                    $container.closest('.stm_works').animate({'height': $container.height() + $('#stm_works_stm_works_69ea3cc0000b5 .stm_works').height()}, 300);\n                    return false;\n                });\n                $('#stm_works_69ea3cc0000b5 .item .category a').on('click', function () {\n                    if (!$(this).hasClass(\"stm_works_grid_switcher\")) {\n                        var sort = $(this).attr('href');\n                        sort = sort.substring(1);\n                        $('#stm_works_69ea3cc0000b5 .works_filter li.active').removeClass('active');\n                        $('#stm_works_69ea3cc0000b5 .works_filter li a[href=\"#' + sort + '\"]').closest('li').addClass('active');\n                        $container.isotope({\n                            filter: '.' + sort\n                        });\n                        return false;\n                    }\n                });\n            });\n        <\/script>\n            <\/div>\n\n\n\t\t\t\t<\/div>\n\t\t\t\t<\/div>\n\t\t\t\t\t<\/div>\n\t\t<\/div>\n\t\t\t\t\t<\/div>\n\t\t<\/section>\n\t\t\t\t<section class=\"elementor-section elementor-top-section elementor-element elementor-element-45e40e6 third_bg_color elementor-section-boxed elementor-section-height-default elementor-section-height-default\" data-id=\"45e40e6\" data-element_type=\"section\" data-e-type=\"section\" data-settings=\"{&quot;background_background&quot;:&quot;classic&quot;}\">\n\t\t\t\t\t\t<div class=\"elementor-container elementor-column-gap-default\">\n\t\t\t\t\t<div class=\"elementor-column elementor-col-100 elementor-top-column elementor-element elementor-element-45e44fb\" data-id=\"45e44fb\" data-element_type=\"column\" data-e-type=\"column\">\n\t\t\t<div class=\"elementor-widget-wrap elementor-element-populated\">\n\t\t\t\t\t\t<div class=\"elementor-element elementor-element-45e484b elementor-widget elementor-widget-vc_cta\" data-id=\"45e484b\" data-element_type=\"widget\" data-e-type=\"widget\" data-widget_type=\"vc_cta.default\">\n\t\t\t\t<div class=\"elementor-widget-container\">\n\t\t\t\t\t\n<div class=\"ce_cta ce_cta_3c8792fbb4d43ac37b115cd99ffd4ef3 ce_text_left third_bg_color add_button_right btn_align_right btn_button_block_ btn_has_icon btn_has_icon_on_the_right\" id=\"\">\n\n    <div class=\"ce_cta__content\">\n        <div class=\"ce_cta__content__header\">\n            <h2  class='ce_cta__content__title '>Su desarrollo es nuestro principal objetivo.<\/h2>                    <\/div>\n\n        \n    <\/div>\n\n    \n        <div class=\"ce_cta__action\">\n            <a href=\"https:\/\/krom-cs.com\/es\/contacto\/\"\n                              target=\"_self\"\n               class=\"button \">\n                <span>Contact us<\/span>\n                                    <i class=\"fa fa-chevron-right\"><\/i>\n                            <\/a>\n        <\/div>\n\n    \n<\/div>\n\t\t\t\t<\/div>\n\t\t\t\t<\/div>\n\t\t\t\t\t<\/div>\n\t\t<\/div>\n\t\t\t\t\t<\/div>\n\t\t<\/section>\n\t\t\t\t<\/div>\n\t\t","protected":false},"excerpt":{"rendered":"<p>Una gama de habilidades a su disposici\u00f3n. Nuestro objetivo es proporcionar diferentes habilidades, visiones y personalidades para ofrecer un enfoque global y diversificado con el fin de aportar valor a su organizaci\u00f3n. KROM se dirige a muchas industrias y ofrece soluciones innovadoras para alcanzar sus objetivos. Energ\u00eda Tecnolog\u00eda Ingenier\u00eda Manufactura Transporte y Log\u00edstica Retail Sector<\/p>\n","protected":false},"author":1,"featured_media":0,"parent":0,"menu_order":0,"comment_status":"closed","ping_status":"closed","template":"","meta":{"nf_dc_page":"","footnotes":""},"class_list":["post-7423","page","type-page","status-publish","hentry"],"yoast_head":"<!-- This site is optimized with the Yoast SEO Premium plugin v19.5 (Yoast SEO v27.4) - https:\/\/yoast.com\/product\/yoast-seo-premium-wordpress\/ -->\n<title>Industrias - KROM Consulting<\/title>\n<meta name=\"robots\" content=\"index, follow, max-snippet:-1, max-image-preview:large, max-video-preview:-1\" \/>\n<link rel=\"canonical\" href=\"https:\/\/krom-cs.com\/es\/industrias\/\" \/>\n<meta property=\"og:locale\" content=\"es_ES\" \/>\n<meta property=\"og:type\" content=\"article\" \/>\n<meta property=\"og:title\" content=\"Industrias\" \/>\n<meta property=\"og:description\" content=\"Una gama de habilidades a su disposici\u00f3n. Nuestro objetivo es proporcionar diferentes habilidades, visiones y personalidades para ofrecer un enfoque global y diversificado con el fin de aportar valor a su organizaci\u00f3n. KROM se dirige a muchas industrias y ofrece soluciones innovadoras para alcanzar sus objetivos. Energ\u00eda Tecnolog\u00eda Ingenier\u00eda Manufactura Transporte y Log\u00edstica Retail Sector\" \/>\n<meta property=\"og:url\" content=\"https:\/\/krom-cs.com\/es\/industrias\/\" \/>\n<meta property=\"og:site_name\" content=\"KROM Consulting\" \/>\n<meta property=\"article:modified_time\" content=\"2022-04-12T16:32:57+00:00\" \/>\n<meta property=\"og:image\" content=\"https:\/\/krom-cs.com\/wp-content\/uploads\/2016\/01\/KROM-Energy.jpg\" \/>\n<meta name=\"twitter:card\" content=\"summary_large_image\" \/>\n<meta name=\"twitter:site\" content=\"@ConsultingKrom\" \/>\n<meta name=\"twitter:label1\" content=\"Tiempo de lectura\" \/>\n\t<meta name=\"twitter:data1\" content=\"3 minutos\" \/>\n<script type=\"application\/ld+json\" class=\"yoast-schema-graph\">{\"@context\":\"https:\\\/\\\/schema.org\",\"@graph\":[{\"@type\":\"WebPage\",\"@id\":\"https:\\\/\\\/krom-cs.com\\\/es\\\/industrias\\\/\",\"url\":\"https:\\\/\\\/krom-cs.com\\\/es\\\/industrias\\\/\",\"name\":\"Industrias - KROM Consulting\",\"isPartOf\":{\"@id\":\"https:\\\/\\\/krom-cs.com\\\/#website\"},\"primaryImageOfPage\":{\"@id\":\"https:\\\/\\\/krom-cs.com\\\/es\\\/industrias\\\/#primaryimage\"},\"image\":{\"@id\":\"https:\\\/\\\/krom-cs.com\\\/es\\\/industrias\\\/#primaryimage\"},\"thumbnailUrl\":\"https:\\\/\\\/krom-cs.com\\\/wp-content\\\/uploads\\\/2016\\\/01\\\/KROM-Energy.jpg\",\"datePublished\":\"2016-01-19T15:18:33+00:00\",\"dateModified\":\"2022-04-12T16:32:57+00:00\",\"breadcrumb\":{\"@id\":\"https:\\\/\\\/krom-cs.com\\\/es\\\/industrias\\\/#breadcrumb\"},\"inLanguage\":\"es\",\"potentialAction\":[{\"@type\":\"ReadAction\",\"target\":[\"https:\\\/\\\/krom-cs.com\\\/es\\\/industrias\\\/\"]}]},{\"@type\":\"ImageObject\",\"inLanguage\":\"es\",\"@id\":\"https:\\\/\\\/krom-cs.com\\\/es\\\/industrias\\\/#primaryimage\",\"url\":\"https:\\\/\\\/krom-cs.com\\\/wp-content\\\/uploads\\\/2016\\\/01\\\/KROM-Energy.jpg\",\"contentUrl\":\"https:\\\/\\\/krom-cs.com\\\/wp-content\\\/uploads\\\/2016\\\/01\\\/KROM-Energy.jpg\"},{\"@type\":\"BreadcrumbList\",\"@id\":\"https:\\\/\\\/krom-cs.com\\\/es\\\/industrias\\\/#breadcrumb\",\"itemListElement\":[{\"@type\":\"ListItem\",\"position\":1,\"name\":\"Home\",\"item\":\"https:\\\/\\\/krom-cs.com\\\/\"},{\"@type\":\"ListItem\",\"position\":2,\"name\":\"Industrias\"}]},{\"@type\":\"WebSite\",\"@id\":\"https:\\\/\\\/krom-cs.com\\\/#website\",\"url\":\"https:\\\/\\\/krom-cs.com\\\/\",\"name\":\"KROM Consulting\",\"description\":\"Bring Value to your Organization Meeting your Objectives\",\"publisher\":{\"@id\":\"https:\\\/\\\/krom-cs.com\\\/#organization\"},\"potentialAction\":[{\"@type\":\"SearchAction\",\"target\":{\"@type\":\"EntryPoint\",\"urlTemplate\":\"https:\\\/\\\/krom-cs.com\\\/?s={search_term_string}\"},\"query-input\":{\"@type\":\"PropertyValueSpecification\",\"valueRequired\":true,\"valueName\":\"search_term_string\"}}],\"inLanguage\":\"es\"},{\"@type\":\"Organization\",\"@id\":\"https:\\\/\\\/krom-cs.com\\\/#organization\",\"name\":\"KROM Consulting\",\"url\":\"https:\\\/\\\/krom-cs.com\\\/\",\"logo\":{\"@type\":\"ImageObject\",\"inLanguage\":\"es\",\"@id\":\"https:\\\/\\\/krom-cs.com\\\/#\\\/schema\\\/logo\\\/image\\\/\",\"url\":\"https:\\\/\\\/krom-cs.com\\\/wp-content\\\/uploads\\\/2022\\\/03\\\/logo_200.png\",\"contentUrl\":\"https:\\\/\\\/krom-cs.com\\\/wp-content\\\/uploads\\\/2022\\\/03\\\/logo_200.png\",\"width\":821,\"height\":200,\"caption\":\"KROM Consulting\"},\"image\":{\"@id\":\"https:\\\/\\\/krom-cs.com\\\/#\\\/schema\\\/logo\\\/image\\\/\"},\"sameAs\":[\"https:\\\/\\\/x.com\\\/ConsultingKrom\",\"https:\\\/\\\/www.linkedin.com\\\/company\\\/krom\\\/\"]}]}<\/script>\n<!-- \/ Yoast SEO Premium plugin. -->","yoast_head_json":{"title":"Industrias - KROM Consulting","robots":{"index":"index","follow":"follow","max-snippet":"max-snippet:-1","max-image-preview":"max-image-preview:large","max-video-preview":"max-video-preview:-1"},"canonical":"https:\/\/krom-cs.com\/es\/industrias\/","og_locale":"es_ES","og_type":"article","og_title":"Industrias","og_description":"Una gama de habilidades a su disposici\u00f3n. Nuestro objetivo es proporcionar diferentes habilidades, visiones y personalidades para ofrecer un enfoque global y diversificado con el fin de aportar valor a su organizaci\u00f3n. KROM se dirige a muchas industrias y ofrece soluciones innovadoras para alcanzar sus objetivos. Energ\u00eda Tecnolog\u00eda Ingenier\u00eda Manufactura Transporte y Log\u00edstica Retail Sector","og_url":"https:\/\/krom-cs.com\/es\/industrias\/","og_site_name":"KROM Consulting","article_modified_time":"2022-04-12T16:32:57+00:00","og_image":[{"url":"https:\/\/krom-cs.com\/wp-content\/uploads\/2016\/01\/KROM-Energy.jpg","type":"","width":"","height":""}],"twitter_card":"summary_large_image","twitter_site":"@ConsultingKrom","twitter_misc":{"Tiempo de lectura":"3 minutos"},"schema":{"@context":"https:\/\/schema.org","@graph":[{"@type":"WebPage","@id":"https:\/\/krom-cs.com\/es\/industrias\/","url":"https:\/\/krom-cs.com\/es\/industrias\/","name":"Industrias - KROM Consulting","isPartOf":{"@id":"https:\/\/krom-cs.com\/#website"},"primaryImageOfPage":{"@id":"https:\/\/krom-cs.com\/es\/industrias\/#primaryimage"},"image":{"@id":"https:\/\/krom-cs.com\/es\/industrias\/#primaryimage"},"thumbnailUrl":"https:\/\/krom-cs.com\/wp-content\/uploads\/2016\/01\/KROM-Energy.jpg","datePublished":"2016-01-19T15:18:33+00:00","dateModified":"2022-04-12T16:32:57+00:00","breadcrumb":{"@id":"https:\/\/krom-cs.com\/es\/industrias\/#breadcrumb"},"inLanguage":"es","potentialAction":[{"@type":"ReadAction","target":["https:\/\/krom-cs.com\/es\/industrias\/"]}]},{"@type":"ImageObject","inLanguage":"es","@id":"https:\/\/krom-cs.com\/es\/industrias\/#primaryimage","url":"https:\/\/krom-cs.com\/wp-content\/uploads\/2016\/01\/KROM-Energy.jpg","contentUrl":"https:\/\/krom-cs.com\/wp-content\/uploads\/2016\/01\/KROM-Energy.jpg"},{"@type":"BreadcrumbList","@id":"https:\/\/krom-cs.com\/es\/industrias\/#breadcrumb","itemListElement":[{"@type":"ListItem","position":1,"name":"Home","item":"https:\/\/krom-cs.com\/"},{"@type":"ListItem","position":2,"name":"Industrias"}]},{"@type":"WebSite","@id":"https:\/\/krom-cs.com\/#website","url":"https:\/\/krom-cs.com\/","name":"KROM Consulting","description":"Bring Value to your Organization Meeting your Objectives","publisher":{"@id":"https:\/\/krom-cs.com\/#organization"},"potentialAction":[{"@type":"SearchAction","target":{"@type":"EntryPoint","urlTemplate":"https:\/\/krom-cs.com\/?s={search_term_string}"},"query-input":{"@type":"PropertyValueSpecification","valueRequired":true,"valueName":"search_term_string"}}],"inLanguage":"es"},{"@type":"Organization","@id":"https:\/\/krom-cs.com\/#organization","name":"KROM Consulting","url":"https:\/\/krom-cs.com\/","logo":{"@type":"ImageObject","inLanguage":"es","@id":"https:\/\/krom-cs.com\/#\/schema\/logo\/image\/","url":"https:\/\/krom-cs.com\/wp-content\/uploads\/2022\/03\/logo_200.png","contentUrl":"https:\/\/krom-cs.com\/wp-content\/uploads\/2022\/03\/logo_200.png","width":821,"height":200,"caption":"KROM Consulting"},"image":{"@id":"https:\/\/krom-cs.com\/#\/schema\/logo\/image\/"},"sameAs":["https:\/\/x.com\/ConsultingKrom","https:\/\/www.linkedin.com\/company\/krom\/"]}]}},"_links":{"self":[{"href":"https:\/\/krom-cs.com\/es\/wp-json\/wp\/v2\/pages\/7423","targetHints":{"allow":["GET"]}}],"collection":[{"href":"https:\/\/krom-cs.com\/es\/wp-json\/wp\/v2\/pages"}],"about":[{"href":"https:\/\/krom-cs.com\/es\/wp-json\/wp\/v2\/types\/page"}],"author":[{"embeddable":true,"href":"https:\/\/krom-cs.com\/es\/wp-json\/wp\/v2\/users\/1"}],"replies":[{"embeddable":true,"href":"https:\/\/krom-cs.com\/es\/wp-json\/wp\/v2\/comments?post=7423"}],"version-history":[{"count":0,"href":"https:\/\/krom-cs.com\/es\/wp-json\/wp\/v2\/pages\/7423\/revisions"}],"wp:attachment":[{"href":"https:\/\/krom-cs.com\/es\/wp-json\/wp\/v2\/media?parent=7423"}],"curies":[{"name":"wp","href":"https:\/\/api.w.org\/{rel}","templated":true}]}}