{"id":7414,"date":"2016-01-13T17:48:37","date_gmt":"2016-01-13T22:48:37","guid":{"rendered":"https:\/\/krom-cs.com\/?page_id=7414"},"modified":"2022-04-12T11:43:59","modified_gmt":"2022-04-12T16:43:59","slug":"servicios","status":"publish","type":"page","link":"https:\/\/krom-cs.com\/es\/servicios\/","title":{"rendered":"Servicios"},"content":{"rendered":"\t\t<div data-elementor-type=\"wp-page\" data-elementor-id=\"7414\" class=\"elementor elementor-7414 elementor-558\">\n\t\t\t\t\t\t<section class=\"elementor-section elementor-top-section elementor-element elementor-element-5bb2e4e elementor-section-boxed elementor-section-height-default elementor-section-height-default\" data-id=\"5bb2e4e\" data-element_type=\"section\" data-e-type=\"section\" data-settings=\"{&quot;background_background&quot;:&quot;classic&quot;}\">\n\t\t\t\t\t\t<div class=\"elementor-container elementor-column-gap-default\">\n\t\t\t\t\t<div class=\"elementor-column elementor-col-100 elementor-top-column elementor-element elementor-element-5bb3360\" data-id=\"5bb3360\" data-element_type=\"column\" data-e-type=\"column\">\n\t\t\t<div class=\"elementor-widget-wrap elementor-element-populated\">\n\t\t\t\t\t\t<div class=\"elementor-element elementor-element-9bcd21d elementor-widget elementor-widget-text-editor\" data-id=\"9bcd21d\" data-element_type=\"widget\" data-e-type=\"widget\" data-widget_type=\"text-editor.default\">\n\t\t\t\t<div class=\"elementor-widget-container\">\n\t\t\t\t\t\t\t\t\t<p>Adaptamos nuestras habilidades a sus necesidades y requisitos para desarrollar resultados medibles. Nuestro principal objetivo es desempe\u00f1arnos de manera profesional y eficiente, manteniendo un ojo cr\u00edtico para las recomendaciones y aportar valor a su organizaci\u00f3n.<\/p>\n\t\t\t\t\t\t\t\t<\/div>\n\t\t\t\t<\/div>\n\t\t\t\t<div class=\"elementor-element elementor-element-5bb374a elementor-widget elementor-widget-stm_services\" data-id=\"5bb374a\" data-element_type=\"widget\" data-e-type=\"widget\" data-widget_type=\"stm_services.default\">\n\t\t\t\t<div class=\"elementor-widget-container\">\n\t\t\t\t\t\n    <div class=\"stm_services consulting_elementor_services style_6 cols_3\">\n                                <div class=\"item\">\n                <div class=\"item_wr\">\n                                            \n                        <div class=\"item_thumbnail\">\n                            <a href=\"https:\/\/krom-cs.com\/es\/service\/estrategia\/\">\n                                <img src='https:\/\/krom-cs.com\/wp-content\/uploads\/2016\/01\/KROM-strategy.jpg' alt='' \/>                            <\/a>\n                                                    <\/div>\n                                                            <div class=\"content\" >\n                                                                            <h5>\n                                <a href=\"https:\/\/krom-cs.com\/es\/service\/estrategia\/\"\n                                                                       class=\"text_decoration_none secondary_font_color_hv\">Estrategia<\/a>\n                            <\/h5>\n                                                                            <p>Revisamos su estrategia global o en un nivel especifico de su organizaci\u00f3n.<\/p>\n                                                                    <\/div>\n                <\/div>\n            <\/div>\n                                <div class=\"item\">\n                <div class=\"item_wr\">\n                                            \n                        <div class=\"item_thumbnail\">\n                            <a href=\"https:\/\/krom-cs.com\/es\/service\/transicion\/\">\n                                <img src='https:\/\/krom-cs.com\/wp-content\/uploads\/2016\/01\/KROM-Transition.jpg' alt='' \/>                            <\/a>\n                                                    <\/div>\n                                                            <div class=\"content\" >\n                                                                            <h5>\n                                <a href=\"https:\/\/krom-cs.com\/es\/service\/transicion\/\"\n                                                                       class=\"text_decoration_none secondary_font_color_hv\">Transici\u00f3n<\/a>\n                            <\/h5>\n                                                                            <p>Lo acompa\u00f1amos a afrontar los cambios necesarios para alcanzar sus objetivos.<\/p>\n                                                                    <\/div>\n                <\/div>\n            <\/div>\n                                <div class=\"item\">\n                <div class=\"item_wr\">\n                                            \n                        <div class=\"item_thumbnail\">\n                            <a href=\"https:\/\/krom-cs.com\/es\/service\/optimizacion\/\">\n                                <img src='https:\/\/krom-cs.com\/wp-content\/uploads\/2016\/01\/KROM-optimization.jpg' alt='' \/>                            <\/a>\n                                                    <\/div>\n                                                            <div class=\"content\" >\n                                                                            <h5>\n                                <a href=\"https:\/\/krom-cs.com\/es\/service\/optimizacion\/\"\n                                                                       class=\"text_decoration_none secondary_font_color_hv\">Optimizaci\u00f3n<\/a>\n                            <\/h5>\n                                                                            <p>Optimice sus costos\/procesos para mejorar su rendimiento.<\/p>\n                                                                    <\/div>\n                <\/div>\n            <\/div>\n                                <div class=\"item\">\n                <div class=\"item_wr\">\n                                            \n                        <div class=\"item_thumbnail\">\n                            <a href=\"https:\/\/krom-cs.com\/es\/service\/analisis\/\">\n                                <img src='https:\/\/krom-cs.com\/wp-content\/uploads\/2016\/01\/KROM-Analysis.jpg' alt='' \/>                            <\/a>\n                                                    <\/div>\n                                                            <div class=\"content\" >\n                                                                            <h5>\n                                <a href=\"https:\/\/krom-cs.com\/es\/service\/analisis\/\"\n                                                                       class=\"text_decoration_none secondary_font_color_hv\">An\u00e1lisis<\/a>\n                            <\/h5>\n                                                                            <p>Analizamos y ofrecemos recomendaciones para contribuir con su crecimiento y reducci\u00f3n de riesgos.<\/p>\n                                                                    <\/div>\n                <\/div>\n            <\/div>\n                                <div class=\"item\">\n                <div class=\"item_wr\">\n                                            \n                        <div class=\"item_thumbnail\">\n                            <a href=\"https:\/\/krom-cs.com\/es\/service\/implementacion\/\">\n                                <img src='https:\/\/krom-cs.com\/wp-content\/uploads\/2016\/01\/KROM-Implementation.jpg' alt='' \/>                            <\/a>\n                                                    <\/div>\n                                                            <div class=\"content\" >\n                                                                            <h5>\n                                <a href=\"https:\/\/krom-cs.com\/es\/service\/implementacion\/\"\n                                                                       class=\"text_decoration_none secondary_font_color_hv\">Implementaci\u00f3n<\/a>\n                            <\/h5>\n                                                                            <p>Realizamos el trabajo independientemente o uni\u00e9ndonos a su equipo, nuestro objetivo es completar el trabajo de manera eficiente para cumplir con sus objetivos.<\/p>\n                                                                    <\/div>\n                <\/div>\n            <\/div>\n            <\/div>\n\t\t\t\t<\/div>\n\t\t\t\t<\/div>\n\t\t\t\t\t<\/div>\n\t\t<\/div>\n\t\t\t\t\t<\/div>\n\t\t<\/section>\n\t\t\t\t<section class=\"elementor-section elementor-top-section elementor-element elementor-element-5bb3c22 third_bg_color elementor-section-boxed elementor-section-height-default elementor-section-height-default\" data-id=\"5bb3c22\" data-element_type=\"section\" data-e-type=\"section\" data-settings=\"{&quot;background_background&quot;:&quot;classic&quot;}\">\n\t\t\t\t\t\t<div class=\"elementor-container elementor-column-gap-default\">\n\t\t\t\t\t<div class=\"elementor-column elementor-col-100 elementor-top-column elementor-element elementor-element-5bb4027\" data-id=\"5bb4027\" data-element_type=\"column\" data-e-type=\"column\">\n\t\t\t<div class=\"elementor-widget-wrap elementor-element-populated\">\n\t\t\t\t\t\t<div class=\"elementor-element elementor-element-5bb4366 elementor-widget elementor-widget-vc_cta\" data-id=\"5bb4366\" data-element_type=\"widget\" data-e-type=\"widget\" data-widget_type=\"vc_cta.default\">\n\t\t\t\t<div class=\"elementor-widget-container\">\n\t\t\t\t\t\n<div class=\"ce_cta ce_cta_884f71cc08ca929463e2a121b9e4d4a1 ce_text_left third_bg_color add_button_right btn_align_right btn_button_block_ btn_has_icon btn_has_icon_on_the_right\" id=\"\">\n\n    <div class=\"ce_cta__content\">\n        <div class=\"ce_cta__content__header\">\n            <h2  class='ce_cta__content__title '>Su desarrollo es nuestro principal objetivo.<\/h2>                    <\/div>\n\n        \n    <\/div>\n\n    \n        <div class=\"ce_cta__action\">\n            <a href=\"https:\/\/krom-cs.com\/es\/contacto\/\"\n                              target=\"_self\"\n               class=\"button \">\n                <span>Cont\u00e1ctenos<\/span>\n                                    <i class=\"fa fa-chevron-right\"><\/i>\n                            <\/a>\n        <\/div>\n\n    \n<\/div>\n\t\t\t\t<\/div>\n\t\t\t\t<\/div>\n\t\t\t\t\t<\/div>\n\t\t<\/div>\n\t\t\t\t\t<\/div>\n\t\t<\/section>\n\t\t\t\t<\/div>\n\t\t","protected":false},"excerpt":{"rendered":"<p>Adaptamos nuestras habilidades a sus necesidades y requisitos para desarrollar resultados medibles. Nuestro principal objetivo es desempe\u00f1arnos de manera profesional y eficiente, manteniendo un ojo cr\u00edtico para las recomendaciones y aportar valor a su organizaci\u00f3n. Estrategia Revisamos su estrategia global o en un nivel especifico de su organizaci\u00f3n. Transici\u00f3n Lo acompa\u00f1amos a afrontar los cambios<\/p>\n","protected":false},"author":1,"featured_media":0,"parent":0,"menu_order":0,"comment_status":"closed","ping_status":"closed","template":"","meta":{"nf_dc_page":"","footnotes":""},"class_list":["post-7414","page","type-page","status-publish","hentry"],"yoast_head":"<!-- This site is optimized with the Yoast SEO Premium plugin v19.5 (Yoast SEO v27.4) - https:\/\/yoast.com\/product\/yoast-seo-premium-wordpress\/ -->\n<title>Servicios - KROM Consulting<\/title>\n<meta name=\"robots\" content=\"index, follow, max-snippet:-1, max-image-preview:large, max-video-preview:-1\" \/>\n<link rel=\"canonical\" href=\"https:\/\/krom-cs.com\/es\/servicios\/\" \/>\n<meta property=\"og:locale\" content=\"es_ES\" \/>\n<meta property=\"og:type\" content=\"article\" \/>\n<meta property=\"og:title\" content=\"Servicios\" \/>\n<meta property=\"og:description\" content=\"Adaptamos nuestras habilidades a sus necesidades y requisitos para desarrollar resultados medibles. Nuestro principal objetivo es desempe\u00f1arnos de manera profesional y eficiente, manteniendo un ojo cr\u00edtico para las recomendaciones y aportar valor a su organizaci\u00f3n. Estrategia Revisamos su estrategia global o en un nivel especifico de su organizaci\u00f3n. Transici\u00f3n Lo acompa\u00f1amos a afrontar los cambios\" \/>\n<meta property=\"og:url\" content=\"https:\/\/krom-cs.com\/es\/servicios\/\" \/>\n<meta property=\"og:site_name\" content=\"KROM Consulting\" \/>\n<meta property=\"article:modified_time\" content=\"2022-04-12T16:43:59+00:00\" \/>\n<meta property=\"og:image\" content=\"https:\/\/krom-cs.com\/wp-content\/uploads\/2016\/01\/KROM-strategy.jpg\" \/>\n<meta name=\"twitter:card\" content=\"summary_large_image\" \/>\n<meta name=\"twitter:site\" content=\"@ConsultingKrom\" \/>\n<meta name=\"twitter:label1\" content=\"Tiempo de lectura\" \/>\n\t<meta name=\"twitter:data1\" content=\"2 minutos\" \/>\n<script type=\"application\/ld+json\" class=\"yoast-schema-graph\">{\"@context\":\"https:\\\/\\\/schema.org\",\"@graph\":[{\"@type\":\"WebPage\",\"@id\":\"https:\\\/\\\/krom-cs.com\\\/es\\\/servicios\\\/\",\"url\":\"https:\\\/\\\/krom-cs.com\\\/es\\\/servicios\\\/\",\"name\":\"Servicios - KROM Consulting\",\"isPartOf\":{\"@id\":\"https:\\\/\\\/krom-cs.com\\\/#website\"},\"primaryImageOfPage\":{\"@id\":\"https:\\\/\\\/krom-cs.com\\\/es\\\/servicios\\\/#primaryimage\"},\"image\":{\"@id\":\"https:\\\/\\\/krom-cs.com\\\/es\\\/servicios\\\/#primaryimage\"},\"thumbnailUrl\":\"https:\\\/\\\/krom-cs.com\\\/wp-content\\\/uploads\\\/2016\\\/01\\\/KROM-strategy.jpg\",\"datePublished\":\"2016-01-13T22:48:37+00:00\",\"dateModified\":\"2022-04-12T16:43:59+00:00\",\"breadcrumb\":{\"@id\":\"https:\\\/\\\/krom-cs.com\\\/es\\\/servicios\\\/#breadcrumb\"},\"inLanguage\":\"es\",\"potentialAction\":[{\"@type\":\"ReadAction\",\"target\":[\"https:\\\/\\\/krom-cs.com\\\/es\\\/servicios\\\/\"]}]},{\"@type\":\"ImageObject\",\"inLanguage\":\"es\",\"@id\":\"https:\\\/\\\/krom-cs.com\\\/es\\\/servicios\\\/#primaryimage\",\"url\":\"https:\\\/\\\/krom-cs.com\\\/wp-content\\\/uploads\\\/2016\\\/01\\\/KROM-strategy.jpg\",\"contentUrl\":\"https:\\\/\\\/krom-cs.com\\\/wp-content\\\/uploads\\\/2016\\\/01\\\/KROM-strategy.jpg\"},{\"@type\":\"BreadcrumbList\",\"@id\":\"https:\\\/\\\/krom-cs.com\\\/es\\\/servicios\\\/#breadcrumb\",\"itemListElement\":[{\"@type\":\"ListItem\",\"position\":1,\"name\":\"Home\",\"item\":\"https:\\\/\\\/krom-cs.com\\\/\"},{\"@type\":\"ListItem\",\"position\":2,\"name\":\"Servicios\"}]},{\"@type\":\"WebSite\",\"@id\":\"https:\\\/\\\/krom-cs.com\\\/#website\",\"url\":\"https:\\\/\\\/krom-cs.com\\\/\",\"name\":\"KROM Consulting\",\"description\":\"Bring Value to your Organization Meeting your Objectives\",\"publisher\":{\"@id\":\"https:\\\/\\\/krom-cs.com\\\/#organization\"},\"potentialAction\":[{\"@type\":\"SearchAction\",\"target\":{\"@type\":\"EntryPoint\",\"urlTemplate\":\"https:\\\/\\\/krom-cs.com\\\/?s={search_term_string}\"},\"query-input\":{\"@type\":\"PropertyValueSpecification\",\"valueRequired\":true,\"valueName\":\"search_term_string\"}}],\"inLanguage\":\"es\"},{\"@type\":\"Organization\",\"@id\":\"https:\\\/\\\/krom-cs.com\\\/#organization\",\"name\":\"KROM Consulting\",\"url\":\"https:\\\/\\\/krom-cs.com\\\/\",\"logo\":{\"@type\":\"ImageObject\",\"inLanguage\":\"es\",\"@id\":\"https:\\\/\\\/krom-cs.com\\\/#\\\/schema\\\/logo\\\/image\\\/\",\"url\":\"https:\\\/\\\/krom-cs.com\\\/wp-content\\\/uploads\\\/2022\\\/03\\\/logo_200.png\",\"contentUrl\":\"https:\\\/\\\/krom-cs.com\\\/wp-content\\\/uploads\\\/2022\\\/03\\\/logo_200.png\",\"width\":821,\"height\":200,\"caption\":\"KROM Consulting\"},\"image\":{\"@id\":\"https:\\\/\\\/krom-cs.com\\\/#\\\/schema\\\/logo\\\/image\\\/\"},\"sameAs\":[\"https:\\\/\\\/x.com\\\/ConsultingKrom\",\"https:\\\/\\\/www.linkedin.com\\\/company\\\/krom\\\/\"]}]}<\/script>\n<!-- \/ Yoast SEO Premium plugin. -->","yoast_head_json":{"title":"Servicios - KROM Consulting","robots":{"index":"index","follow":"follow","max-snippet":"max-snippet:-1","max-image-preview":"max-image-preview:large","max-video-preview":"max-video-preview:-1"},"canonical":"https:\/\/krom-cs.com\/es\/servicios\/","og_locale":"es_ES","og_type":"article","og_title":"Servicios","og_description":"Adaptamos nuestras habilidades a sus necesidades y requisitos para desarrollar resultados medibles. Nuestro principal objetivo es desempe\u00f1arnos de manera profesional y eficiente, manteniendo un ojo cr\u00edtico para las recomendaciones y aportar valor a su organizaci\u00f3n. Estrategia Revisamos su estrategia global o en un nivel especifico de su organizaci\u00f3n. Transici\u00f3n Lo acompa\u00f1amos a afrontar los cambios","og_url":"https:\/\/krom-cs.com\/es\/servicios\/","og_site_name":"KROM Consulting","article_modified_time":"2022-04-12T16:43:59+00:00","og_image":[{"url":"https:\/\/krom-cs.com\/wp-content\/uploads\/2016\/01\/KROM-strategy.jpg","type":"","width":"","height":""}],"twitter_card":"summary_large_image","twitter_site":"@ConsultingKrom","twitter_misc":{"Tiempo de lectura":"2 minutos"},"schema":{"@context":"https:\/\/schema.org","@graph":[{"@type":"WebPage","@id":"https:\/\/krom-cs.com\/es\/servicios\/","url":"https:\/\/krom-cs.com\/es\/servicios\/","name":"Servicios - KROM Consulting","isPartOf":{"@id":"https:\/\/krom-cs.com\/#website"},"primaryImageOfPage":{"@id":"https:\/\/krom-cs.com\/es\/servicios\/#primaryimage"},"image":{"@id":"https:\/\/krom-cs.com\/es\/servicios\/#primaryimage"},"thumbnailUrl":"https:\/\/krom-cs.com\/wp-content\/uploads\/2016\/01\/KROM-strategy.jpg","datePublished":"2016-01-13T22:48:37+00:00","dateModified":"2022-04-12T16:43:59+00:00","breadcrumb":{"@id":"https:\/\/krom-cs.com\/es\/servicios\/#breadcrumb"},"inLanguage":"es","potentialAction":[{"@type":"ReadAction","target":["https:\/\/krom-cs.com\/es\/servicios\/"]}]},{"@type":"ImageObject","inLanguage":"es","@id":"https:\/\/krom-cs.com\/es\/servicios\/#primaryimage","url":"https:\/\/krom-cs.com\/wp-content\/uploads\/2016\/01\/KROM-strategy.jpg","contentUrl":"https:\/\/krom-cs.com\/wp-content\/uploads\/2016\/01\/KROM-strategy.jpg"},{"@type":"BreadcrumbList","@id":"https:\/\/krom-cs.com\/es\/servicios\/#breadcrumb","itemListElement":[{"@type":"ListItem","position":1,"name":"Home","item":"https:\/\/krom-cs.com\/"},{"@type":"ListItem","position":2,"name":"Servicios"}]},{"@type":"WebSite","@id":"https:\/\/krom-cs.com\/#website","url":"https:\/\/krom-cs.com\/","name":"KROM Consulting","description":"Bring Value to your Organization Meeting your Objectives","publisher":{"@id":"https:\/\/krom-cs.com\/#organization"},"potentialAction":[{"@type":"SearchAction","target":{"@type":"EntryPoint","urlTemplate":"https:\/\/krom-cs.com\/?s={search_term_string}"},"query-input":{"@type":"PropertyValueSpecification","valueRequired":true,"valueName":"search_term_string"}}],"inLanguage":"es"},{"@type":"Organization","@id":"https:\/\/krom-cs.com\/#organization","name":"KROM Consulting","url":"https:\/\/krom-cs.com\/","logo":{"@type":"ImageObject","inLanguage":"es","@id":"https:\/\/krom-cs.com\/#\/schema\/logo\/image\/","url":"https:\/\/krom-cs.com\/wp-content\/uploads\/2022\/03\/logo_200.png","contentUrl":"https:\/\/krom-cs.com\/wp-content\/uploads\/2022\/03\/logo_200.png","width":821,"height":200,"caption":"KROM Consulting"},"image":{"@id":"https:\/\/krom-cs.com\/#\/schema\/logo\/image\/"},"sameAs":["https:\/\/x.com\/ConsultingKrom","https:\/\/www.linkedin.com\/company\/krom\/"]}]}},"_links":{"self":[{"href":"https:\/\/krom-cs.com\/es\/wp-json\/wp\/v2\/pages\/7414","targetHints":{"allow":["GET"]}}],"collection":[{"href":"https:\/\/krom-cs.com\/es\/wp-json\/wp\/v2\/pages"}],"about":[{"href":"https:\/\/krom-cs.com\/es\/wp-json\/wp\/v2\/types\/page"}],"author":[{"embeddable":true,"href":"https:\/\/krom-cs.com\/es\/wp-json\/wp\/v2\/users\/1"}],"replies":[{"embeddable":true,"href":"https:\/\/krom-cs.com\/es\/wp-json\/wp\/v2\/comments?post=7414"}],"version-history":[{"count":0,"href":"https:\/\/krom-cs.com\/es\/wp-json\/wp\/v2\/pages\/7414\/revisions"}],"wp:attachment":[{"href":"https:\/\/krom-cs.com\/es\/wp-json\/wp\/v2\/media?parent=7414"}],"curies":[{"name":"wp","href":"https:\/\/api.w.org\/{rel}","templated":true}]}}